{"id":387,"date":"2019-01-04T13:24:13","date_gmt":"2019-01-04T13:24:13","guid":{"rendered":"https:\/\/manon.qodeinteractive.com\/?page_id=387"},"modified":"2021-08-11T04:41:03","modified_gmt":"2021-08-11T04:41:03","slug":"about-us","status":"publish","type":"page","link":"https:\/\/somospinka.com\/?page_id=387","title":{"rendered":"About Us"},"content":{"rendered":"<p>[vc_row parallax=&#8221;content-moving&#8221; content_text_aligment=&#8221;center&#8221; css=&#8221;.vc_custom_1615334459412{padding-top: -55px !important;}&#8221;][vc_column css=&#8221;.vc_custom_1615341591732{margin-top: -50px !important;border-top-width: -50px !important;padding-top: -50px !important;}&#8221;]<div class=\"edgtf-elements-holder  edgtf-eh-full-height edgtf-one-column  edgtf-responsive-mode-768 \" ><div class=\"edgtf-eh-item   edgtf-horizontal-alignment-center  edgtf-eh-item-full-height\"  data-item-class=\"edgtf-eh-custom-8144\" data-769-1024=\"70px 70px 0px\" data-681-768=\"70px 70px 0px\" data-680=\"30px 38px 0px\">\n\t<div class=\"edgtf-eh-item-inner\">\n\t\t<div class=\"edgtf-eh-item-content edgtf-eh-custom-8144\" >\n\t\t\t<div class=\"edgtf-single-image-holder   \">\n    <div class=\"edgtf-si-inner\" >\n                                    <img width=\"1921\" height=\"700\" src=\"https:\/\/somospinka.com\/wp-content\/uploads\/2021\/03\/CUADRO-ABOUT-US-02-02-1.png\" class=\"attachment-full size-full\" alt=\"\" decoding=\"async\" loading=\"lazy\" srcset=\"https:\/\/somospinka.com\/wp-content\/uploads\/2021\/03\/CUADRO-ABOUT-US-02-02-1.png 1921w, https:\/\/somospinka.com\/wp-content\/uploads\/2021\/03\/CUADRO-ABOUT-US-02-02-1-300x109.png 300w, https:\/\/somospinka.com\/wp-content\/uploads\/2021\/03\/CUADRO-ABOUT-US-02-02-1-1024x373.png 1024w, https:\/\/somospinka.com\/wp-content\/uploads\/2021\/03\/CUADRO-ABOUT-US-02-02-1-768x280.png 768w, https:\/\/somospinka.com\/wp-content\/uploads\/2021\/03\/CUADRO-ABOUT-US-02-02-1-1536x560.png 1536w\" sizes=\"(max-width: 1921px) 100vw, 1921px\" \/>                        <\/div>\n<\/div>\t\t<\/div>\n\t<\/div>\n<\/div><\/div><div class=\"edgtf-elements-holder   edgtf-one-column  edgtf-responsive-mode-768 \" ><div class=\"edgtf-eh-item     \"  data-item-class=\"edgtf-eh-custom-6701\">\n\t<div class=\"edgtf-eh-item-inner\">\n\t\t<div class=\"edgtf-eh-item-content edgtf-eh-custom-6701\" style=\"padding: 20px 0px 0px 0px\">\n\t\t\t<div class=\"edgtf-text-marquee edgtf-tm-9292 edgtf-hollow-text\" style=\"font-size: 100px;line-height: 1em;font-weight: 400\" data-item-class=\"edgtf-tm-9292\" data-font-size-1024=\"160px\" data-font-size-768=\"160px\" data-font-size-680=\"120px\">\n    <span class=\"edgtf-marquee-element edgtf-original-text\">TRABAJAMOS EN AMBIENTES COLABORATIVOS DE CREACI\u00d3N, QUE NOS LLEVAN A RESULTADOS.<\/span>\n    <span class=\"edgtf-marquee-element edgtf-aux-text\">TRABAJAMOS EN AMBIENTES COLABORATIVOS DE CREACI\u00d3N, QUE NOS LLEVAN A RESULTADOS.<\/span>\n<\/div>\t\t<\/div>\n\t<\/div>\n<\/div><\/div>[\/vc_column][\/vc_row][vc_row row_content_width=&#8221;grid&#8221; css=&#8221;.vc_custom_1598571110310{padding-top: -148px !important;}&#8221;][vc_column]<div class=\"edgtf-elements-holder   edgtf-one-column  edgtf-responsive-mode-768 \" ><div class=\"edgtf-eh-item     \"  data-item-class=\"edgtf-eh-custom-5442\">\n\t<div class=\"edgtf-eh-item-inner\">\n\t\t<div class=\"edgtf-eh-item-content edgtf-eh-custom-5442\" style=\"padding: -200px 0px 0px 0px\">\n\t\t\t[vc_column_text el_class=&#8221;line-height: 1.75em;&#8221;]<\/p>\n<h3>Hola SOMOS PINKA, <span style=\"font-weight: 400;\"><span style=\"color: #fd4500;\">nuestra pasi\u00f3n es el dise\u00f1o<\/span>,<strong> aprender, construir e innovar para develar una nueva forma de comunicarnos.<\/strong><\/span><\/h3>\n<p>[\/vc_column_text]\t\t<\/div>\n\t<\/div>\n<\/div><\/div>[\/vc_column][\/vc_row][vc_row row_content_width=&#8221;grid&#8221; css=&#8221;.vc_custom_1598571110310{padding-top: -148px !important;}&#8221;][vc_column]<div class=\"edgtf-elements-holder   edgtf-one-column  edgtf-responsive-mode-768 \" ><div class=\"edgtf-eh-item     \"  data-item-class=\"edgtf-eh-custom-2282\">\n\t<div class=\"edgtf-eh-item-inner\">\n\t\t<div class=\"edgtf-eh-item-content edgtf-eh-custom-2282\" style=\"padding: -200px 0px 0px 0px\">\n\t\t\t[vc_column_text el_class=&#8221;line-height: 1.75em;&#8221;]<\/p>\n<h3><span style=\"font-weight: 400;\">Estamos en Bogot\u00e1 y Buenos Aires, trabajando <strong>con nuestros clientes creciendo y construyendo relaciones en ambas <\/strong><\/span><span style=\"font-weight: 400;\"><span style=\"color: #fd4500;\">direcciones.<\/span><\/span><\/h3>\n<p>[\/vc_column_text]\t\t<\/div>\n\t<\/div>\n<\/div><\/div>[\/vc_column][\/vc_row][vc_row content_placement=&#8221;top&#8221; row_content_width=&#8221;grid&#8221; css=&#8221;.vc_custom_1603569757712{padding-top: 32px !important;padding-bottom: 43px !important;}&#8221;][vc_column]<div class=\"edgtf-elements-holder   edgtf-three-columns  edgtf-responsive-mode-1024 \" ><div class=\"edgtf-eh-item  edgtf-vertical-alignment-top   \"  data-item-class=\"edgtf-eh-custom-5474\" data-1025-1366=\"0px 35px 0px 0px\" data-769-1024=\"0px 0px 30px\" data-681-768=\"0px 0px 30px\" data-680=\"0px 0px 30px\">\n\t<div class=\"edgtf-eh-item-inner\">\n\t\t<div class=\"edgtf-eh-item-content edgtf-eh-custom-5474\" style=\"padding: 0px 50px 0px 0px\">\n\t\t\t[vc_column_text]<\/p>\n<h6>\u00bfUN POCO DE HISTORIA?<\/h6>\n<p>[\/vc_column_text][vc_column_text]<span style=\"font-family: IBM Plex Serif; font-style: italic;\"><span style=\"font-weight: 200;\"><span style=\"color: #se1500;\"><span style=\"font-size: 1.15em; line-height: 70%;\"><span style=\"line-height: 50%;\"><span style=\"color: #ffffff;\">Como parte de un emprendimiento familiar, comenzamos en el 2010. <strong>Cautivados por\u00a0 el dise\u00f1o y convencidos de lo que hacemos.<\/strong> Con un grupo profesional id\u00f3neo y creativo que trabaja para sus clientes, logrando obtener una experiencia de m\u00e1s de 10 a\u00f1os construyendo confianza y seguridad.<\/span><\/span><\/span><\/span><\/span><\/span>[\/vc_column_text]\t\t<\/div>\n\t<\/div>\n<\/div><\/div>[\/vc_column][\/vc_row][vc_row row_content_width=&#8221;grid&#8221; css=&#8221;.vc_custom_1628655703369{padding-top: 0.6em !important;}&#8221;][vc_column][vc_single_image image=&#8221;3007&#8243; img_size=&#8221;full&#8221;][\/vc_column][\/vc_row][vc_row row_content_width=&#8221;grid&#8221; css=&#8221;.vc_custom_1628655823937{padding-top: 3% !important;}&#8221;][vc_column]<div class=\"edgtf-elements-holder   edgtf-one-column  edgtf-responsive-mode-768 \" ><div class=\"edgtf-eh-item     \"  data-item-class=\"edgtf-eh-custom-3900\">\n\t<div class=\"edgtf-eh-item-inner\">\n\t\t<div class=\"edgtf-eh-item-content edgtf-eh-custom-3900\" style=\"padding: 0px 0px\">\n\t\t\t<div class=\"edgtf-section-title-holder  edgtf-st-standard edgtf-st-title-left edgtf-st-normal-space \" >\n\t<div class=\"edgtf-st-inner\">\n\t\t\t\t\t<h2 class=\"edgtf-st-title\" >\n\t\t\t\tSOMOS FANS DE<br \/> LAS BUENAS IDEAS\t\t\t<\/h2>\n\t\t\t\t\t<\/div>\n<\/div>\t\t<\/div>\n\t<\/div>\n<\/div><\/div>[\/vc_column][\/vc_row][vc_row content_placement=&#8221;top&#8221; row_content_width=&#8221;grid&#8221; css=&#8221;.vc_custom_1615312916412{padding-top: 0.5em !important;padding-bottom: 0.5em !important;}&#8221;][vc_column]<div class=\"edgtf-elements-holder   edgtf-three-columns  edgtf-responsive-mode-1024 \" ><div class=\"edgtf-eh-item  edgtf-vertical-alignment-top   \"  data-item-class=\"edgtf-eh-custom-3242\" data-1025-1366=\"0px 35px 0px 0px\" data-769-1024=\"0px 0px 30px\" data-681-768=\"0px 0px 30px\" data-680=\"0px 0px 30px\">\n\t<div class=\"edgtf-eh-item-inner\">\n\t\t<div class=\"edgtf-eh-item-content edgtf-eh-custom-3242\" style=\"padding: 0px 50px 0px 0px\">\n\t\t\t[vc_column_text]<\/p>\n<h6>\u00bfQUE QUEREMOS?<\/h6>\n<p>[\/vc_column_text][vc_column_text]Impactar en el mercado a trav\u00e9s de la conceptualizaci\u00f3n, visualizaci\u00f3n y creaci\u00f3n de ideas, en el desarrollo de la necesidades gr\u00e1ficas, desde el branding, impresi\u00f3n offset,motion graphics, packaging y 3D.[\/vc_column_text]\t\t<\/div>\n\t<\/div>\n<\/div><div class=\"edgtf-eh-item  edgtf-vertical-alignment-top edgtf-horizontal-alignment-center edgtf-fade-in-down edgtf-eh-item-full-height\"  data-item-class=\"edgtf-eh-custom-3894\" data-animation=\"edgtf-fade-in-down\">\n\t<div class=\"edgtf-eh-item-inner\">\n\t\t<div class=\"edgtf-eh-item-content edgtf-eh-custom-3894\" >\n\t\t\t[vc_column_text]<\/p>\n<h6 style=\"text-align: left;\">\u00bfCOMO LO HACEMOS?<\/h6>\n<p>[\/vc_column_text][vc_column_text]<\/p>\n<p style=\"text-align: left;\">Es simple, ofrecer un servicio donde el cliente viva una experiencia de pertenencia y apoyo, comprometidos con sus objetivos para lograr resultados de \u00e9xito.<\/p>\n<p>[\/vc_column_text]\t\t<\/div>\n\t<\/div>\n<\/div><div class=\"edgtf-eh-item  edgtf-vertical-alignment-top   \"  data-item-class=\"edgtf-eh-custom-2476\" data-1025-1366=\"0px 0px 0px 35px\" data-769-1024=\"0px 0px 30px\" data-681-768=\"0px 0px 30px\" data-680=\"0px 0px 30px\">\n\t<div class=\"edgtf-eh-item-inner\">\n\t\t<div class=\"edgtf-eh-item-content edgtf-eh-custom-2476\" style=\"padding: 0px 0px 0px 50px\">\n\t\t\t[vc_column_text]<\/p>\n<h6>\u00bfA D\u00d3NDE VAMOS?<\/h6>\n<p>[\/vc_column_text][vc_column_text]En el 2022, queremos lograr cautivar el 5% de nuestra poblaci\u00f3n objetivo, a trav\u00e9s del reconocimiento de una empresa comprometida y siempre buscando hacer la diferencia.[\/vc_column_text]\t\t<\/div>\n\t<\/div>\n<\/div><\/div>[\/vc_column][\/vc_row][vc_row content_placement=&#8221;top&#8221; row_content_width=&#8221;grid&#8221; disable_background_image=&#8221;&#8221; css=&#8221;.vc_custom_1615312897466{padding-top: 0.5em !important;padding-bottom: 0.9em !important;}&#8221; simple_background_image=&#8221;3158&#8243;][vc_column css_animation=&#8221;fadeInUp&#8221;]<div class=\"edgtf-elements-holder   edgtf-two-columns  edgtf-responsive-mode-1024 edgtf-one-column-alignment-right\" ><div class=\"edgtf-eh-item   edgtf-horizontal-alignment-center  \"  data-item-class=\"edgtf-eh-custom-6195\">\n\t<div class=\"edgtf-eh-item-inner\">\n\t\t<div class=\"edgtf-eh-item-content edgtf-eh-custom-6195\" >\n\t\t\t[vc_single_image image=&#8221;3349&#8243; img_size=&#8221;full&#8221; alignment=&#8221;center&#8221; onclick=&#8221;zoom&#8221;]\t\t<\/div>\n\t<\/div>\n<\/div><\/div>[\/vc_column][\/vc_row][vc_row row_content_width=&#8221;grid&#8221; css=&#8221;.vc_custom_1615312877984{padding-top: 0.5em !important;}&#8221;][vc_column][vc_single_image image=&#8221;3007&#8243; img_size=&#8221;full&#8221;][\/vc_column][\/vc_row][vc_row row_content_width=&#8221;grid&#8221; css=&#8221;.vc_custom_1628655716698{padding-top: -148px !important;padding-bottom: 90px !important;}&#8221;][vc_column]<div class=\"edgtf-elements-holder   edgtf-one-column  edgtf-responsive-mode-768 \" ><div class=\"edgtf-eh-item     \"  data-item-class=\"edgtf-eh-custom-2695\">\n\t<div class=\"edgtf-eh-item-inner\">\n\t\t<div class=\"edgtf-eh-item-content edgtf-eh-custom-2695\" style=\"padding: -200px 0px 0px 0px\">\n\t\t\t[vc_column_text el_class=&#8221;line-height: 1.75em;&#8221;]<\/p>\n<h3 style=\"text-align: center;\"><span style=\"font-weight: 400;\">Nos alegra conocerte,<b style=\"font-weight: 400;\"><br \/>\n<\/b><b>sigue<\/b><b style=\"font-weight: 400;\"> conociendo <span style=\"color: #ff4500;\"><a style=\"color: #ff4500;\" href=\"https:\/\/somospinka.com\/wp60?page_id=1105\">nuestros productos.<\/a><\/span><\/b><\/span><\/h3>\n<p>[\/vc_column_text]\t\t<\/div>\n\t<\/div>\n<\/div><\/div>[\/vc_column][\/vc_row]<\/p>\n","protected":false},"excerpt":{"rendered":"<p>[vc_row parallax=&#8221;content-moving&#8221; content_text_aligment=&#8221;center&#8221; css=&#8221;.vc_custom_1615334459412{padding-top: -55px !important;}&#8221;][vc_column css=&#8221;.vc_custom_1615341591732{margin-top: -50px !important;border-top-width: -50px !important;padding-top: -50px !important;}&#8221;][\/vc_column][\/vc_row][vc_row row_content_width=&#8221;grid&#8221; css=&#8221;.vc_custom_1598571110310{padding-top: -148px !important;}&#8221;][vc_column][\/vc_column][\/vc_row][vc_row row_content_width=&#8221;grid&#8221; css=&#8221;.vc_custom_1598571110310{padding-top: -148px !important;}&#8221;][vc_column][\/vc_column][\/vc_row][vc_row content_placement=&#8221;top&#8221; row_content_width=&#8221;grid&#8221; css=&#8221;.vc_custom_1603569757712{padding-top: 32px !important;padding-bottom: 43px !important;}&#8221;][vc_column][\/vc_column][\/vc_row][vc_row row_content_width=&#8221;grid&#8221; css=&#8221;.vc_custom_1628655703369{padding-top: 0.6em !important;}&#8221;][vc_column][vc_single_image image=&#8221;3007&#8243; img_size=&#8221;full&#8221;][\/vc_column][\/vc_row][vc_row row_content_width=&#8221;grid&#8221; css=&#8221;.vc_custom_1628655823937{padding-top: 3% !important;}&#8221;][vc_column][\/vc_column][\/vc_row][vc_row content_placement=&#8221;top&#8221; row_content_width=&#8221;grid&#8221; [&hellip;]<\/p>\n","protected":false},"author":1,"featured_media":0,"parent":0,"menu_order":0,"comment_status":"closed","ping_status":"closed","template":"full-width.php","meta":[],"_links":{"self":[{"href":"https:\/\/somospinka.com\/index.php?rest_route=\/wp\/v2\/pages\/387"}],"collection":[{"href":"https:\/\/somospinka.com\/index.php?rest_route=\/wp\/v2\/pages"}],"about":[{"href":"https:\/\/somospinka.com\/index.php?rest_route=\/wp\/v2\/types\/page"}],"author":[{"embeddable":true,"href":"https:\/\/somospinka.com\/index.php?rest_route=\/wp\/v2\/users\/1"}],"replies":[{"embeddable":true,"href":"https:\/\/somospinka.com\/index.php?rest_route=%2Fwp%2Fv2%2Fcomments&post=387"}],"version-history":[{"count":131,"href":"https:\/\/somospinka.com\/index.php?rest_route=\/wp\/v2\/pages\/387\/revisions"}],"predecessor-version":[{"id":4407,"href":"https:\/\/somospinka.com\/index.php?rest_route=\/wp\/v2\/pages\/387\/revisions\/4407"}],"wp:attachment":[{"href":"https:\/\/somospinka.com\/index.php?rest_route=%2Fwp%2Fv2%2Fmedia&parent=387"}],"curies":[{"name":"wp","href":"https:\/\/api.w.org\/{rel}","templated":true}]}}