{"id":3103,"date":"2020-09-19T18:08:07","date_gmt":"2020-09-19T18:08:07","guid":{"rendered":"https:\/\/somospinka.com\/wp60?page_id=3103"},"modified":"2021-08-18T14:09:17","modified_gmt":"2021-08-18T14:09:17","slug":"s_3danimacion","status":"publish","type":"page","link":"https:\/\/somospinka.com\/?page_id=3103","title":{"rendered":"S_3D&#038;ANIMACION"},"content":{"rendered":"<p>[vc_row css=&#8221;.vc_custom_1628556155109{background-color: #fffdfc !important;}&#8221; parallax_background_image=&#8221;4266&#8243;][vc_column css=&#8221;.vc_custom_1628556040553{background-image: url(https:\/\/somospinka.com\/wp60wp-content\/uploads\/2021\/08\/back_intro_cube-01-min.png?id=4261) !important;}&#8221;]<div class=\"edgtf-elements-holder  edgtf-eh-full-height edgtf-one-column  edgtf-responsive-mode-768 \" ><div class=\"edgtf-eh-item     \"  data-item-class=\"edgtf-eh-custom-8526\">\n\t<div class=\"edgtf-eh-item-inner\">\n\t\t<div class=\"edgtf-eh-item-content edgtf-eh-custom-8526\" >\n\t\t\t<div class=\"edgtf-single-image-holder   \">\n    <div class=\"edgtf-si-inner\" >\n                                    <img width=\"1920\" height=\"700\" src=\"https:\/\/somospinka.com\/wp-content\/uploads\/2021\/08\/back_intro_title-01-min.png\" class=\"attachment-full size-full\" alt=\"\" decoding=\"async\" loading=\"lazy\" srcset=\"https:\/\/somospinka.com\/wp-content\/uploads\/2021\/08\/back_intro_title-01-min.png 1920w, https:\/\/somospinka.com\/wp-content\/uploads\/2021\/08\/back_intro_title-01-min-300x109.png 300w, https:\/\/somospinka.com\/wp-content\/uploads\/2021\/08\/back_intro_title-01-min-1024x373.png 1024w, https:\/\/somospinka.com\/wp-content\/uploads\/2021\/08\/back_intro_title-01-min-768x280.png 768w, https:\/\/somospinka.com\/wp-content\/uploads\/2021\/08\/back_intro_title-01-min-1536x560.png 1536w\" sizes=\"(max-width: 1920px) 100vw, 1920px\" \/>                        <\/div>\n<\/div>\t\t<\/div>\n\t<\/div>\n<\/div><\/div>[\/vc_column][\/vc_row][vc_row content_text_aligment=&#8221;center&#8221; css=&#8221;.vc_custom_1628611281210{padding-top: 40px !important;padding-bottom: 40px !important;background-color: #f10c1b !important;}&#8221; parallax_background_image=&#8221;4269&#8243; parallax_bg_speed=&#8221;2&#8243;][vc_column width=&#8221;2\/3&#8243; css=&#8221;.vc_custom_1628611343650{padding-top: 120px !important;padding-bottom: 120px !important;padding-left: 10% !important;background-image: url(https:\/\/somospinka.com\/wp60wp-content\/uploads\/2021\/08\/line_3d_motion-02-min.png?id=4268) !important;background-position: 0 0 !important;background-repeat: no-repeat !important;}&#8221;]<div class=\"edgtf-elements-holder   edgtf-one-column  edgtf-responsive-mode-768 edgtf-one-column-alignment-center\" ><div class=\"edgtf-eh-item   edgtf-horizontal-alignment-center  edgtf-eh-item-full-height\"  data-item-class=\"edgtf-eh-custom-3252\">\n\t<div class=\"edgtf-eh-item-inner\">\n\t\t<div class=\"edgtf-eh-item-content edgtf-eh-custom-3252\" >\n\t\t\t[vc_column_text css=&#8221;.vc_custom_1628611515195{margin-right: 60px !important;}&#8221;]<\/p>\n<p style=\"text-align: left;\"><span style=\"font-family: Oswald, sans-serif;\"><span style=\"font-weight: 600;\"><span style=\"color: #se1500;\"><span style=\"font-size: 3.05em; line-height: 70%;\"><span style=\"line-height: 50%;\"><span style=\"color: #f0b600;\">HACEMOS REALIDAD LO IMPOSIBLE.<\/span><span style=\"color: #ffffff;\"> CONSTRUYENDO UNA MARCA QUE PUEDA SER RECONOCIDA.<\/span><\/span><\/span><\/span><\/span><\/span><\/p>\n<p>[\/vc_column_text]\t\t<\/div>\n\t<\/div>\n<\/div><\/div>[\/vc_column][vc_column width=&#8221;1\/3&#8243; css=&#8221;.vc_custom_1628566309128{background-image: url(https:\/\/somospinka.com\/wp60wp-content\/uploads\/2021\/08\/imposible_realidad_imagen_-01-min.png?id=4269) !important;}&#8221;][\/vc_column][\/vc_row][vc_row css=&#8221;.vc_custom_1629295703617{padding-bottom: -80px !important;background-image: url(https:\/\/somospinka.com\/wp60\/wp-content\/uploads\/2021\/08\/3D_mid_beauty-01-min.png?id=4295) !important;}&#8221;][vc_column width=&#8221;1\/3&#8243;]<div class=\"edgtf-elements-holder   edgtf-one-column  edgtf-responsive-mode-768 \" ><div class=\"edgtf-eh-item   edgtf-horizontal-alignment-right  \"  data-item-class=\"edgtf-eh-custom-7248\">\n\t<div class=\"edgtf-eh-item-inner\">\n\t\t<div class=\"edgtf-eh-item-content edgtf-eh-custom-7248\" style=\"padding: 0px 0px 0px 81px\">\n\t\t\t<div class=\"edgtf-single-image-holder   \">\n    <div class=\"edgtf-si-inner\" >\n                                    <img src=\"https:\/\/somospinka.com\/wp-content\/uploads\/2021\/08\/SCENA_5-min-583x976.png\" alt=\"\" width=\"583\" height=\"976\" \/>                        <\/div>\n<\/div>\t\t<\/div>\n\t<\/div>\n<\/div><\/div>[\/vc_column][vc_column width=&#8221;2\/3&#8243;]<div class=\"edgtf-elements-holder   edgtf-one-column  edgtf-responsive-mode-768 \" ><div class=\"edgtf-eh-item   edgtf-horizontal-alignment-center  edgtf-eh-item-full-height\"  data-item-class=\"edgtf-eh-custom-8980\">\n\t<div class=\"edgtf-eh-item-inner\">\n\t\t<div class=\"edgtf-eh-item-content edgtf-eh-custom-8980\" style=\"padding: 0px 0px 0px 100px\">\n\t\t\t[vc_empty_space height=&#8221;16em&#8221;]<div class=\"edgtf-single-image-holder   \">\n    <div class=\"edgtf-si-inner\" >\n                                    <img width=\"875\" height=\"327\" src=\"https:\/\/somospinka.com\/wp-content\/uploads\/2021\/08\/3D_mid_beauty_text-01-01-min.png\" class=\"attachment-full size-full\" alt=\"\" decoding=\"async\" loading=\"lazy\" srcset=\"https:\/\/somospinka.com\/wp-content\/uploads\/2021\/08\/3D_mid_beauty_text-01-01-min.png 875w, https:\/\/somospinka.com\/wp-content\/uploads\/2021\/08\/3D_mid_beauty_text-01-01-min-300x112.png 300w, https:\/\/somospinka.com\/wp-content\/uploads\/2021\/08\/3D_mid_beauty_text-01-01-min-768x287.png 768w\" sizes=\"(max-width: 875px) 100vw, 875px\" \/>                        <\/div>\n<\/div>[vc_empty_space height=&#8221;10.5em&#8221;][vc_column_text css=&#8221;.vc_custom_1628617095605{padding-right: 105px !important;padding-bottom: 90px !important;}&#8221;]<\/p>\n<p style=\"text-align: left;\"><span style=\"font-family: 'IBM Plex Serif'; font-style: italic; color: #161819;\"><span style=\"font-weight: 200;\"><span style=\"font-size: 1.75em; line-height: 70%;\"><span style=\"line-height: 50%;\">D\u00eda a d\u00eda estamos a la caza de las mejores tendencias, reencontrando <span style=\"color: #f10c1b;\"><strong>lo mejor de nuestro trabajo con lo mejor del momento, <\/strong><\/span> siempre creando contenidos frescos y din\u00e1micos que llame la atencion del ojo.<\/span><\/span><\/span><\/span><\/p>\n<p>[\/vc_column_text]\t\t<\/div>\n\t<\/div>\n<\/div><\/div>[\/vc_column][\/vc_row][vc_row css=&#8221;.vc_custom_1628573881133{background-color: #191970 !important;}&#8221;][vc_column width=&#8221;2\/5&#8243;]<div class=\"edgtf-elements-holder   edgtf-one-column  edgtf-responsive-mode-768 \" ><div class=\"edgtf-eh-item   edgtf-horizontal-alignment-center  edgtf-eh-item-full-height\"  data-item-class=\"edgtf-eh-custom-7927\">\n\t<div class=\"edgtf-eh-item-inner\">\n\t\t<div class=\"edgtf-eh-item-content edgtf-eh-custom-7927\" style=\"padding: 140px 0px 140px 81px\">\n\t\t\t[vc_column_text css=&#8221;.vc_custom_1628612093131{margin-right: 60px !important;}&#8221;]<\/p>\n<p style=\"text-align: left;\"><span style=\"font-family: Oswald, sans-serif; color: #f10c1b;\"><span style=\"font-weight: 600;\"><span style=\"color: #se1500;\"><span style=\"font-size: 3.8em; line-height: 70%;\"><span style=\"line-height: 50%;\">TOMA ASIENTO,<br \/>\nNOSOTROS TRABAJAMOS PARA CREAR IMAGENES UNICAS DE TU PRODUCTO.<\/span><\/span><\/span><\/span><\/span><\/p>\n<p>[\/vc_column_text]\t\t<\/div>\n\t<\/div>\n<\/div><\/div>[\/vc_column][vc_column width=&#8221;3\/5&#8243;]<div class=\"edgtf-elements-holder   edgtf-one-column  edgtf-responsive-mode-768 \" ><div class=\"edgtf-eh-item   edgtf-horizontal-alignment-center  edgtf-eh-item-full-height\"  data-item-class=\"edgtf-eh-custom-1367\">\n\t<div class=\"edgtf-eh-item-inner\">\n\t\t<div class=\"edgtf-eh-item-content edgtf-eh-custom-1367\" >\n\t\t\t<div class=\"edgtf-single-image-holder   \">\n    <div class=\"edgtf-si-inner\" >\n                                    <img width=\"1107\" height=\"501\" src=\"https:\/\/somospinka.com\/wp-content\/uploads\/2021\/08\/3D_mid_seat-01-min.png\" class=\"attachment-full size-full\" alt=\"\" decoding=\"async\" loading=\"lazy\" srcset=\"https:\/\/somospinka.com\/wp-content\/uploads\/2021\/08\/3D_mid_seat-01-min.png 1107w, https:\/\/somospinka.com\/wp-content\/uploads\/2021\/08\/3D_mid_seat-01-min-300x136.png 300w, https:\/\/somospinka.com\/wp-content\/uploads\/2021\/08\/3D_mid_seat-01-min-1024x463.png 1024w, https:\/\/somospinka.com\/wp-content\/uploads\/2021\/08\/3D_mid_seat-01-min-768x348.png 768w\" sizes=\"(max-width: 1107px) 100vw, 1107px\" \/>                        <\/div>\n<\/div>\t\t<\/div>\n\t<\/div>\n<\/div><\/div>[\/vc_column][\/vc_row][vc_row row_content_width=&#8221;grid&#8221; css=&#8221;.vc_custom_1601401069597{padding-top: 90px !important;}&#8221;][vc_column width=&#8221;1\/2&#8243;][vc_column_text]<\/p>\n<h3>Cada d\u00eda m\u00e1s cerca de la realidad.<\/h3>\n<p>[\/vc_column_text][vc_empty_space height=&#8221;5px&#8221;][vc_column_text]<span style=\"font-weight: 400;\">Nos encanta construir universos visuales donde potencien las ideas, por ello usamos herramientas como Cinema 4D \/ Houdini \/ Redshift \/ Octane para lograr los mejores resultados puedes utilizarla como una nueva forma de contar una historia o im\u00e1genes creativas para tu organizaci\u00f3n. Desde un Still a una animacion es un desaf\u00edo que nos gusta tomar.<\/span>[\/vc_column_text][vc_empty_space height=&#8221;5px&#8221;][\/vc_column][vc_column width=&#8221;1\/2&#8243;]<div class=\"edgtf-single-image-holder   edgtf-image-behavior-zoom\">\n    <div class=\"edgtf-si-inner\" >\n                                    <img width=\"1500\" height=\"996\" src=\"https:\/\/somospinka.com\/wp-content\/uploads\/2020\/09\/programas_3d-min.jpg\" class=\"attachment-full size-full\" alt=\"\" decoding=\"async\" loading=\"lazy\" srcset=\"https:\/\/somospinka.com\/wp-content\/uploads\/2020\/09\/programas_3d-min.jpg 1500w, https:\/\/somospinka.com\/wp-content\/uploads\/2020\/09\/programas_3d-min-300x199.jpg 300w, https:\/\/somospinka.com\/wp-content\/uploads\/2020\/09\/programas_3d-min-1024x680.jpg 1024w, https:\/\/somospinka.com\/wp-content\/uploads\/2020\/09\/programas_3d-min-768x510.jpg 768w\" sizes=\"(max-width: 1500px) 100vw, 1500px\" \/>                        <\/div>\n<\/div>[\/vc_column][\/vc_row][vc_row row_content_width=&#8221;grid&#8221; css=&#8221;.vc_custom_1601318682630{padding-top: 90px !important;padding-bottom: 90px !important;}&#8221; parallax_background_image=&#8221;3158&#8243;][vc_column]<div class=\"edgtf-image-gallery edgtf-grid-list edgtf-disable-bottom-space  edgtf-ig-grid-type edgtf-three-columns edgtf-huge-space  \">\n\t<div class=\"edgtf-ig-inner edgtf-outer-space\">\n\t\t\t\t\t<div class=\"edgtf-ig-image edgtf-item-space\">\n\t\t\t\t<div class=\"edgtf-ig-image-inner\">\n\t\t\t\t\t\t\t\t\t\t\t<img width=\"800\" height=\"1004\" src=\"https:\/\/somospinka.com\/wp-content\/uploads\/2020\/09\/PARA_PINKA_WEB_2-min.gif\" class=\"attachment-full size-full\" alt=\"\" decoding=\"async\" loading=\"lazy\" \/>\t\t\t\t\t\t\t\t\t<\/div>\n\t\t\t<\/div>\n\t\t\t\t\t<div class=\"edgtf-ig-image edgtf-item-space\">\n\t\t\t\t<div class=\"edgtf-ig-image-inner\">\n\t\t\t\t\t\t\t\t\t\t\t<img width=\"800\" height=\"1004\" src=\"https:\/\/somospinka.com\/wp-content\/uploads\/2020\/09\/PARA_PINKA_WEB_1-min.gif\" class=\"attachment-full size-full\" alt=\"\" decoding=\"async\" loading=\"lazy\" \/>\t\t\t\t\t\t\t\t\t<\/div>\n\t\t\t<\/div>\n\t\t\t\t\t<div class=\"edgtf-ig-image edgtf-item-space\">\n\t\t\t\t<div class=\"edgtf-ig-image-inner\">\n\t\t\t\t\t\t\t\t\t\t\t<img width=\"800\" height=\"1004\" src=\"https:\/\/somospinka.com\/wp-content\/uploads\/2020\/09\/PARA_PINKA_WEB-min.gif\" class=\"attachment-full size-full\" alt=\"\" decoding=\"async\" loading=\"lazy\" \/>\t\t\t\t\t\t\t\t\t<\/div>\n\t\t\t<\/div>\n\t\t\t<\/div>\n<\/div>[\/vc_column][\/vc_row][vc_row css=&#8221;.vc_custom_1628613706150{background-color: #fffdfc !important;}&#8221;][vc_column width=&#8221;3\/5&#8243;]<div class=\"edgtf-elements-holder  edgtf-eh-full-height edgtf-three-columns edgtf-ehi-float edgtf-responsive-mode-768 edgtf-one-column-alignment-left\" ><div class=\"edgtf-eh-item     edgtf-eh-item-full-height\"  data-item-class=\"edgtf-eh-custom-7363\">\n\t<div class=\"edgtf-eh-item-inner\">\n\t\t<div class=\"edgtf-eh-item-content edgtf-eh-custom-7363\" >\n\t\t\t[vc_single_image image=&#8221;4341&#8243; img_size=&#8221;384&#215;472&#8243;]\t\t<\/div>\n\t<\/div>\n<\/div><div class=\"edgtf-eh-item     edgtf-eh-item-full-height\"  data-item-class=\"edgtf-eh-custom-6294\">\n\t<div class=\"edgtf-eh-item-inner\">\n\t\t<div class=\"edgtf-eh-item-content edgtf-eh-custom-6294\" >\n\t\t\t[vc_single_image image=&#8221;4346&#8243; img_size=&#8221;384&#215;472&#8243;]\t\t<\/div>\n\t<\/div>\n<\/div><div class=\"edgtf-eh-item     edgtf-eh-item-full-height\"  data-item-class=\"edgtf-eh-custom-2076\">\n\t<div class=\"edgtf-eh-item-inner\">\n\t\t<div class=\"edgtf-eh-item-content edgtf-eh-custom-2076\" >\n\t\t\t[vc_single_image image=&#8221;4342&#8243; img_size=&#8221;384&#215;472&#8243;]\t\t<\/div>\n\t<\/div>\n<\/div><\/div>[\/vc_column][vc_column width=&#8221;2\/5&#8243; css=&#8221;.vc_custom_1628821542282{padding-top: 21% !important;padding-right: 10% !important;}&#8221;]<div class=\"edgtf-elements-holder   edgtf-one-column  edgtf-responsive-mode-768 edgtf-one-column-alignment-center\" ><div class=\"edgtf-eh-item     edgtf-eh-item-full-height\"  data-item-class=\"edgtf-eh-custom-6474\">\n\t<div class=\"edgtf-eh-item-inner\">\n\t\t<div class=\"edgtf-eh-item-content edgtf-eh-custom-6474\" >\n\t\t\t[vc_column_text el_class=&#8221;h6&#8243;]<\/p>\n<p style=\"text-align: left;\"><span style=\"font-family: Oswald, sans-serif; color: #f10c1b;\"><span style=\"font-weight: 600;\"><span style=\"color: #se1500;\"><span style=\"font-size: calc(1.1em + 1.8vw); line-height: 70%;\"><span style=\"line-height: 50%;\">CONSTRUIMOS PIEZAS QUE<\/span><\/span><\/span><\/span><\/span><\/p>\n<p style=\"text-align: left;\"><span style=\"font-family: Oswald, sans-serif; color: #f10c1b;\"><span style=\"font-weight: 600;\"><span style=\"color: #se1500;\"><span style=\"font-size: calc(1.1em + 1.8vw); line-height: 70%;\"><span style=\"line-height: 50%;\">GENERAN<\/span><\/span><\/span><\/span><\/span><span style=\"font-family: Oswald, sans-serif; color: #f10c1b;\"><span style=\"font-weight: 600;\"><span style=\"font-size: 3em; line-height: 70%;\"><span style=\"line-height: 50%;\">\u00a0<\/span><\/span><\/span><\/span><span style=\"font-family: 'IBM Plex Serif'; font-style: italic; color: #f10c1b;\"><span style=\"font-size: calc(1.1em + 1.8vw); line-height: 70%;\"><strong>Impacto.<\/strong><\/span><\/span><\/p>\n<p>[\/vc_column_text]\t\t<\/div>\n\t<\/div>\n<\/div><\/div>[\/vc_column][\/vc_row][vc_row css=&#8221;.vc_custom_1629295753505{padding-top: 12% !important;padding-bottom: 12% !important;background-image: url(https:\/\/somospinka.com\/wp60\/wp-content\/uploads\/2020\/09\/photo-cierre-min.jpg?id=3211) !important;}&#8221;][vc_column]<div class=\"edgtf-elements-holder  edgtf-eh-full-height edgtf-one-column  edgtf-responsive-mode-768 \" ><div class=\"edgtf-eh-item     \"  data-item-class=\"edgtf-eh-custom-6528\">\n\t<div class=\"edgtf-eh-item-inner\">\n\t\t<div class=\"edgtf-eh-item-content edgtf-eh-custom-6528\" >\n\t\t\t[vc_column_text]<\/p>\n<p style=\"text-align: center;\"><span style=\"font-family: Oswald, sans-serif; color: #ffffff;\"><span style=\"font-weight: 600;\"><span style=\"color: #se1500;\"><span style=\"font-size: calc(1.1em + 1.8vw); line-height: 70%;\"><span style=\"line-height: 50%;\">SIGUE DESCUBRIENDO Y CONOCIENDO<\/span><\/span><\/span><\/span><\/span><br \/>\n<span style=\"font-family: Oswald, sans-serif;\"><span style=\"font-weight: 600;\"><span style=\"color: #se1500;\"><span style=\"font-size: calc(1.1em + 1.8vw); line-height: 70%;\"><span style=\"line-height: 50%;\"><span style=\"color: #191970;\"><a href=\"https:\/\/somospinka.com\/wp60\"><span style=\"font-family: 'IBM Plex Serif'; font-style: italic; color: #191970;\"><span style=\"font-weight: 200;\"><span style=\"font-size: calc(1.1em + 1.8vw); line-height: 70%;\"><strong>Nuestros productos.<\/strong><\/span><\/span><\/span><\/a><\/span><\/span><\/span><\/span><\/span><\/span><\/p>\n<p>[\/vc_column_text]\t\t<\/div>\n\t<\/div>\n<\/div><\/div>[\/vc_column][\/vc_row]<\/p>\n","protected":false},"excerpt":{"rendered":"<p>[vc_row css=&#8221;.vc_custom_1628556155109{background-color: #fffdfc !important;}&#8221; parallax_background_image=&#8221;4266&#8243;][vc_column css=&#8221;.vc_custom_1628556040553{background-image: url(https:\/\/somospinka.com\/wp60wp-content\/uploads\/2021\/08\/back_intro_cube-01-min.png?id=4261) !important;}&#8221;][\/vc_column][\/vc_row][vc_row content_text_aligment=&#8221;center&#8221; css=&#8221;.vc_custom_1628611281210{padding-top: 40px !important;padding-bottom: 40px !important;background-color: #f10c1b !important;}&#8221; parallax_background_image=&#8221;4269&#8243; parallax_bg_speed=&#8221;2&#8243;][vc_column width=&#8221;2\/3&#8243; css=&#8221;.vc_custom_1628611343650{padding-top: 120px !important;padding-bottom: 120px !important;padding-left: 10% !important;background-image: url(https:\/\/somospinka.com\/wp60wp-content\/uploads\/2021\/08\/line_3d_motion-02-min.png?id=4268) !important;background-position: 0 0 !important;background-repeat: no-repeat !important;}&#8221;][\/vc_column][vc_column width=&#8221;1\/3&#8243; css=&#8221;.vc_custom_1628566309128{background-image: url(https:\/\/somospinka.com\/wp60wp-content\/uploads\/2021\/08\/imposible_realidad_imagen_-01-min.png?id=4269) !important;}&#8221;][\/vc_column][\/vc_row][vc_row css=&#8221;.vc_custom_1629295703617{padding-bottom: -80px !important;background-image: [&hellip;]<\/p>\n","protected":false},"author":1,"featured_media":0,"parent":0,"menu_order":0,"comment_status":"closed","ping_status":"closed","template":"full-width.php","meta":[],"_links":{"self":[{"href":"https:\/\/somospinka.com\/index.php?rest_route=\/wp\/v2\/pages\/3103"}],"collection":[{"href":"https:\/\/somospinka.com\/index.php?rest_route=\/wp\/v2\/pages"}],"about":[{"href":"https:\/\/somospinka.com\/index.php?rest_route=\/wp\/v2\/types\/page"}],"author":[{"embeddable":true,"href":"https:\/\/somospinka.com\/index.php?rest_route=\/wp\/v2\/users\/1"}],"replies":[{"embeddable":true,"href":"https:\/\/somospinka.com\/index.php?rest_route=%2Fwp%2Fv2%2Fcomments&post=3103"}],"version-history":[{"count":172,"href":"https:\/\/somospinka.com\/index.php?rest_route=\/wp\/v2\/pages\/3103\/revisions"}],"predecessor-version":[{"id":3166,"href":"https:\/\/somospinka.com\/index.php?rest_route=\/wp\/v2\/pages\/3103\/revisions\/3166"}],"wp:attachment":[{"href":"https:\/\/somospinka.com\/index.php?rest_route=%2Fwp%2Fv2%2Fmedia&parent=3103"}],"curies":[{"name":"wp","href":"https:\/\/api.w.org\/{rel}","templated":true}]}}