{"id":3101,"date":"2020-09-19T18:02:42","date_gmt":"2020-09-19T18:02:42","guid":{"rendered":"https:\/\/somospinka.com\/wp60?page_id=3101"},"modified":"2021-08-18T14:07:19","modified_gmt":"2021-08-18T14:07:19","slug":"s_packging","status":"publish","type":"page","link":"https:\/\/somospinka.com\/?page_id=3101","title":{"rendered":"S_PACKAGING"},"content":{"rendered":"<p>[vc_row][vc_column]<div class=\"edgtf-elements-holder   edgtf-one-column  edgtf-responsive-mode-768 \" ><div class=\"edgtf-eh-item   edgtf-horizontal-alignment-center  edgtf-eh-item-full-height\" style=\"background-image: url(https:\/\/somospinka.com\/wp-content\/uploads\/2021\/05\/intro_packaging_-02-min.png)\" data-item-class=\"edgtf-eh-custom-6787\">\n\t<div class=\"edgtf-eh-item-inner\">\n\t\t<div class=\"edgtf-eh-item-content edgtf-eh-custom-6787\" >\n\t\t\t[vc_empty_space height=&#8221;14.5em&#8221;][vc_single_image image=&#8221;3991&#8243; img_size=&#8221;full&#8221; alignment=&#8221;center&#8221; css_animation=&#8221;none&#8221; css=&#8221;.vc_custom_1622255638267{margin-bottom: -50px !important;}&#8221;][vc_column_text]<\/p>\n<h3>ENTRE PLIEGUES <strong><span style=\"color: #fd4500;\">Y CORTES.<\/span><\/strong><\/h3>\n<p>[\/vc_column_text][vc_empty_space height=&#8221;14.5em&#8221;]\t\t<\/div>\n\t<\/div>\n<\/div><\/div>[\/vc_column][\/vc_row][vc_row disable_background_image=&#8221;&#8221; simple_background_image=&#8221;3989&#8243;][vc_column width=&#8221;1\/2&#8243; css=&#8221;.vc_custom_1629294846083{padding-right: 15% !important;padding-left: 8% !important;}&#8221;]<div class=\"edgtf-elements-holder   edgtf-one-column  edgtf-responsive-mode-768 \" ><div class=\"edgtf-eh-item     edgtf-eh-item-full-height\"  data-item-class=\"edgtf-eh-custom-6961\">\n\t<div class=\"edgtf-eh-item-inner\">\n\t\t<div class=\"edgtf-eh-item-content edgtf-eh-custom-6961\" >\n\t\t\t[vc_empty_space height=&#8221;10em&#8221;][vc_column_text]<span style=\"font-family: Oswald, sans-serif;\"><span style=\"font-weight: 600;\"><span style=\"color: #se1500;\"><span style=\"font-size: calc(0.9em + 1vw); line-height: 70%;\"><span style=\"line-height: 50%;\"><span style=\"color: #ffffff;\">CONTRUIR UN ELEMENTO TANGIBLE ES UN DESAF\u00cdO QUE REUNE LO MEJOR DE NUESTRO EQUIPO. ESPECIALISTAS EN EL ASESORAMIENTO SUSTENTABLE DEL PRODUCTOS, DESARROLLADO A LA NECESIDAD Y EL OBJETIVO QUE NUESTRO CLIENTE Y SU PRODUCTO.<\/span><span style=\"color: #191970;\"><br \/>\n<\/span><\/span><\/span><\/span><\/span><\/span>[\/vc_column_text][vc_empty_space height=&#8221;10em&#8221;]\t\t<\/div>\n\t<\/div>\n<\/div><\/div>[\/vc_column][vc_column width=&#8221;1\/2&#8243;][vc_empty_space height=&#8221;10em&#8221;]<div class=\"edgtf-single-image-holder   \">\n    <div class=\"edgtf-si-inner\" >\n                                    <img width=\"1008\" height=\"200\" src=\"https:\/\/somospinka.com\/wp-content\/uploads\/2021\/05\/mid1_packaging_-02-min.png\" class=\"attachment-full size-full\" alt=\"\" decoding=\"async\" loading=\"lazy\" srcset=\"https:\/\/somospinka.com\/wp-content\/uploads\/2021\/05\/mid1_packaging_-02-min.png 1008w, https:\/\/somospinka.com\/wp-content\/uploads\/2021\/05\/mid1_packaging_-02-min-300x60.png 300w, https:\/\/somospinka.com\/wp-content\/uploads\/2021\/05\/mid1_packaging_-02-min-768x152.png 768w\" sizes=\"(max-width: 1008px) 100vw, 1008px\" \/>                        <\/div>\n<\/div>[\/vc_column][\/vc_row][vc_row css=&#8221;.vc_custom_1629294884683{margin-top: 0px !important;margin-bottom: 0px !important;background-image: url(https:\/\/somospinka.com\/wp60\/wp-content\/uploads\/2021\/05\/back_sustenta_-01-01-min.png?id=4036) !important;}&#8221; parallax_background_image=&#8221;4037&#8243;][vc_column css=&#8221;.vc_custom_1622246263955{margin-top: 0px !important;}&#8221;][vc_column_text css=&#8221;.vc_custom_1629240118057{padding-top: 3% !important;padding-right: 60% !important;padding-left: 10% !important;}&#8221;]<span style=\"font-family: Oswald, sans-serif; color: #ffffff;\"><span style=\"font-weight: 600;\"><span style=\"color: #se1500;\"><span style=\"font-size: calc(1em + 2vw); line-height: 85%;\"><span style=\"line-height: 50%;\">\u00bfCOMO OBTENER <\/span><\/span><\/span><\/span><\/span><span style=\"font-family: Oswald, sans-serif; color: #ffffff;\"><span style=\"font-weight: 600;\"><span style=\"color: #se1500;\"><span style=\"font-size: calc(1em + 2vw); line-height: 30%;\"><span style=\"line-height: 30%;\">RESULTADOS DESDE <\/span><\/span><\/span><\/span><\/span><span style=\"font-family: Oswald, sans-serif; color: #7fffd4;\"><span style=\"font-weight: 600;\"><span style=\"color: #se1500;\"><span style=\"font-size: calc(1em + 2vw); line-height: 50%;\"><span style=\"line-height: 85%;\">EL PROCESO SOSTENIBLE?<\/span><\/span><\/span><\/span><\/span>[\/vc_column_text]<div class=\"edgtf-elements-holder   edgtf-four-columns edgtf-ehi-float edgtf-responsive-mode-1366 edgtf-one-column-alignment-right\" ><div class=\"edgtf-eh-item   edgtf-horizontal-alignment-center  edgtf-eh-item-full-height\"  data-item-class=\"edgtf-eh-custom-8418\" data-1025-1366=\"40px 0 0 0\" data-769-1024=\"40px 0 0 0\" data-681-768=\"40px 0 0 0\" data-680=\"40px 0 0 0\">\n\t<div class=\"edgtf-eh-item-inner\">\n\t\t<div class=\"edgtf-eh-item-content edgtf-eh-custom-8418\" style=\"padding: 150px 0 0 0\">\n\t\t\t<div class=\"edgtf-single-image-holder   \">\n    <div class=\"edgtf-si-inner\" >\n                                    <img width=\"339\" height=\"257\" src=\"https:\/\/somospinka.com\/wp-content\/uploads\/2021\/05\/icons_sustent_PARTES_-01-min.png\" class=\"attachment-full size-full\" alt=\"\" decoding=\"async\" loading=\"lazy\" srcset=\"https:\/\/somospinka.com\/wp-content\/uploads\/2021\/05\/icons_sustent_PARTES_-01-min.png 339w, https:\/\/somospinka.com\/wp-content\/uploads\/2021\/05\/icons_sustent_PARTES_-01-min-300x227.png 300w\" sizes=\"(max-width: 339px) 100vw, 339px\" \/>                        <\/div>\n<\/div>\t\t<\/div>\n\t<\/div>\n<\/div><div class=\"edgtf-eh-item   edgtf-horizontal-alignment-center  edgtf-eh-item-full-height\"  data-item-class=\"edgtf-eh-custom-4725\" data-1025-1366=\"40px 0 0 0\" data-769-1024=\"40px 0 0 0\" data-681-768=\"40px 0 0 0\" data-680=\"40px 0 0 0\">\n\t<div class=\"edgtf-eh-item-inner\">\n\t\t<div class=\"edgtf-eh-item-content edgtf-eh-custom-4725\" style=\"padding: 150px 0 0 0\">\n\t\t\t<div class=\"edgtf-single-image-holder   \">\n    <div class=\"edgtf-si-inner\" >\n                                    <img width=\"376\" height=\"257\" src=\"https:\/\/somospinka.com\/wp-content\/uploads\/2021\/05\/icons_sustent_PARTES_-02-min.png\" class=\"attachment-full size-full\" alt=\"\" decoding=\"async\" loading=\"lazy\" srcset=\"https:\/\/somospinka.com\/wp-content\/uploads\/2021\/05\/icons_sustent_PARTES_-02-min.png 376w, https:\/\/somospinka.com\/wp-content\/uploads\/2021\/05\/icons_sustent_PARTES_-02-min-300x205.png 300w\" sizes=\"(max-width: 376px) 100vw, 376px\" \/>                        <\/div>\n<\/div>\t\t<\/div>\n\t<\/div>\n<\/div><div class=\"edgtf-eh-item   edgtf-horizontal-alignment-center  edgtf-eh-item-full-height\"  data-item-class=\"edgtf-eh-custom-7842\" data-1025-1366=\"40px 0 0 0\" data-769-1024=\"40px 0 0 0\" data-681-768=\"40px 0 0 0\" data-680=\"40px 0 0 0\">\n\t<div class=\"edgtf-eh-item-inner\">\n\t\t<div class=\"edgtf-eh-item-content edgtf-eh-custom-7842\" style=\"padding: 150px 0 0 0\">\n\t\t\t<div class=\"edgtf-single-image-holder   \">\n    <div class=\"edgtf-si-inner\" >\n                                    <img width=\"369\" height=\"257\" src=\"https:\/\/somospinka.com\/wp-content\/uploads\/2021\/05\/icons_sustent_PARTES_-03-min.png\" class=\"attachment-full size-full\" alt=\"\" decoding=\"async\" loading=\"lazy\" srcset=\"https:\/\/somospinka.com\/wp-content\/uploads\/2021\/05\/icons_sustent_PARTES_-03-min.png 369w, https:\/\/somospinka.com\/wp-content\/uploads\/2021\/05\/icons_sustent_PARTES_-03-min-300x209.png 300w\" sizes=\"(max-width: 369px) 100vw, 369px\" \/>                        <\/div>\n<\/div>\t\t<\/div>\n\t<\/div>\n<\/div><div class=\"edgtf-eh-item   edgtf-horizontal-alignment-center  edgtf-eh-item-full-height\"  data-item-class=\"edgtf-eh-custom-3577\">\n\t<div class=\"edgtf-eh-item-inner\">\n\t\t<div class=\"edgtf-eh-item-content edgtf-eh-custom-3577\" style=\"padding: 0px 60px 0px 0px\">\n\t\t\t[mdp_wpb_lottier properties_animation_speed=&#8221;1&#8243; animation_url=&#8221;url:https%3A%2F%2Fassets8.lottiefiles.com%2Fprivate_files%2Flf30_nvajspgm.json|||&#8221; style_animation_css=&#8221;.vc_custom_1622251850326{padding-left: 10% !important;}&#8221;]\t\t<\/div>\n\t<\/div>\n<\/div><\/div>[vc_column_text css=&#8221;.vc_custom_1629239720144{padding-top: 65px !important;padding-right: 15% !important;padding-bottom: 60px !important;padding-left: 15% !important;}&#8221;]<\/p>\n<p style=\"text-align: center;\"><span style=\"font-family: Oswald, sans-serif;\"><span style=\"font-weight: 600;\"><span style=\"color: #se1500;\"><span style=\"font-size: calc(1em + 1.2vw); line-height: 70%;\"><span style=\"line-height: 50%;\"><span style=\"color: #191970;\"><span style=\"color: #ffffff;\">LOGRAMOS LA ARMONIA ENTRE<\/span> <span style=\"color: #7fffd4;\">LA MORFOLOG\u00cdA, EL SOPORTE Y LA FUNCIONALIDAD<\/span> <span style=\"color: #ffffff;\">DE UN\u00a0 PRODUCTO\u00a0 QUE REPRESENTA AL CLIENTE!<\/span><\/span><\/span><\/span><\/span><\/span><\/span><\/p>\n<p>[\/vc_column_text][\/vc_column][\/vc_row][vc_row][vc_column]<div class=\"edgtf-elements-holder   edgtf-one-column  edgtf-responsive-mode-768 \" ><div class=\"edgtf-eh-item     \" style=\"background-color: #7fffd4\" data-item-class=\"edgtf-eh-custom-7948\">\n\t<div class=\"edgtf-eh-item-inner\">\n\t\t<div class=\"edgtf-eh-item-content edgtf-eh-custom-7948\" style=\"padding: 35px 0px 25px 25px\">\n\t\t\t[vc_column_text]<\/p>\n<p style=\"text-align: left;\"><span style=\"font-family: Oswald, sans-serif; color: #191970;\"><span style=\"font-weight: 600;\"><span style=\"color: #se1500;\"><span style=\"font-size: calc(0.5em + 1vw); line-height: 70%;\"><span style=\"line-height: 50%;\">CAJAS<\/span><\/span><\/span><\/span><\/span><\/p>\n<p style=\"text-align: left;\"><span style=\"font-family: Oswald, sans-serif; color: #191970;\"><span style=\"font-weight: 600;\"><span style=\"color: #se1500;\"><span style=\"font-size: calc(0.5em + 1vw); line-height: 50%;\"><span style=\"line-height: 50%;\">A MEDIDA<\/span><\/span><\/span><\/span><\/span><\/p>\n<p>[\/vc_column_text][vc_empty_space height=&#8221;320px&#8221;]\t\t<\/div>\n\t<\/div>\n<\/div><div class=\"edgtf-eh-item     \" style=\"background-color: #ffffff\" data-item-class=\"edgtf-eh-custom-9181\">\n\t<div class=\"edgtf-eh-item-inner\">\n\t\t<div class=\"edgtf-eh-item-content edgtf-eh-custom-9181\" style=\"padding: 35px 0px 25px 25px\">\n\t\t\t[vc_column_text]<\/p>\n<p style=\"text-align: left;\"><span style=\"font-family: Oswald, sans-serif; color: #000000;\"><span style=\"font-weight: 600;\"><span style=\"color: #se1500;\"><span style=\"font-size: calc(0.5em + 1vw); line-height: 70%;\"><span style=\"line-height: 50%;\">CAJAS<\/span><\/span><\/span><\/span><\/span><\/p>\n<p style=\"text-align: left;\"><span style=\"font-family: Oswald, sans-serif; color: #000000;\"><span style=\"font-weight: 600;\"><span style=\"color: #se1500;\"><span style=\"font-size: calc(0.5em + 1vw); line-height: 70%;\"><span style=\"line-height: 50%;\">IMPRESAS<\/span><\/span><\/span><\/span><\/span><\/p>\n<p>[\/vc_column_text][vc_empty_space height=&#8221;320px&#8221;]\t\t<\/div>\n\t<\/div>\n<\/div><div class=\"edgtf-eh-item     \" style=\"background-color: #161819\" data-item-class=\"edgtf-eh-custom-4247\">\n\t<div class=\"edgtf-eh-item-inner\">\n\t\t<div class=\"edgtf-eh-item-content edgtf-eh-custom-4247\" style=\"padding: 35px 0px 25px 25px\">\n\t\t\t[vc_column_text]<\/p>\n<p style=\"text-align: left;\"><span style=\"font-family: Oswald, sans-serif; color: #ffffff;\"><span style=\"font-weight: 600;\"><span style=\"color: #se1500;\"><span style=\"font-size: calc(0.5em + 1vw); line-height: 70%;\"><span style=\"line-height: 50%;\">CAJAS<\/span><\/span><\/span><\/span><\/span><\/p>\n<p style=\"text-align: left;\"><span style=\"font-family: Oswald, sans-serif; color: #ffffff;\"><span style=\"font-weight: 600;\"><span style=\"color: #se1500;\"><span style=\"font-size: calc(0.5em + 1vw); line-height: 70%;\"><span style=\"line-height: 50%;\">PRODUCTO<\/span><\/span><\/span><\/span><\/span><\/p>\n<p style=\"text-align: left;\"><span style=\"font-family: Oswald, sans-serif; color: #ffffff;\"><span style=\"font-weight: 600;\"><span style=\"color: #se1500;\"><span style=\"font-size: calc(0.5em + 1vw); line-height: 70%;\"><span style=\"line-height: 50%;\">MASIVO<\/span><\/span><\/span><\/span><\/span><\/p>\n<p>[\/vc_column_text][vc_empty_space height=&#8221;320px&#8221;]\t\t<\/div>\n\t<\/div>\n<\/div><div class=\"edgtf-eh-item     \" style=\"background-color: #ff4500\" data-item-class=\"edgtf-eh-custom-5001\">\n\t<div class=\"edgtf-eh-item-inner\">\n\t\t<div class=\"edgtf-eh-item-content edgtf-eh-custom-5001\" style=\"padding: 35px 0px 25px 25px\">\n\t\t\t[vc_column_text]<\/p>\n<p style=\"text-align: left;\"><span style=\"font-family: Oswald, sans-serif; color: #ffffff;\"><span style=\"font-weight: 600;\"><span style=\"color: #se1500;\"><span style=\"font-size: calc(0.5em + 1vw); line-height: 70%;\"><span style=\"line-height: 50%;\">CAJAS<\/span><\/span><\/span><\/span><\/span><\/p>\n<p style=\"text-align: left;\"><span style=\"font-family: Oswald, sans-serif; color: #ffffff;\"><span style=\"font-weight: 600;\"><span style=\"color: #se1500;\"><span style=\"font-size: calc(0.5em + 1vw); line-height: 70%;\"><span style=\"line-height: 50%;\">PUBLICITARIAS<\/span><\/span><\/span><\/span><\/span><\/p>\n<p>[\/vc_column_text][vc_empty_space height=&#8221;320px&#8221;]\t\t<\/div>\n\t<\/div>\n<\/div><\/div>[\/vc_column][\/vc_row][vc_row content_placement=&#8221;middle&#8221; parallax=&#8221;content-moving&#8221; parallax_speed_bg=&#8221;1.8&#8243; content_text_aligment=&#8221;center&#8221; css=&#8221;.vc_custom_1622251726854{background-color: #fffdfc !important;}&#8221;][vc_column][vc_column_text css=&#8221;.vc_custom_1629239991305{padding-top: 55px !important;padding-right: 15% !important;padding-bottom: 60px !important;padding-left: 15% !important;}&#8221;]<\/p>\n<p style=\"text-align: center;\"><span style=\"font-family: Oswald, sans-serif; color: #000000;\"><span style=\"font-weight: 600;\"><span style=\"color: #se1500;\"><span style=\"font-size: calc(0.8em + 1vw); line-height: 70%;\"><span style=\"line-height: 50%;\">CONTAMOS CON <span style=\"color: #f10c1b;\">VISUALIZACI\u00d3N 3D, <\/span>PREVISUALIZA DE FORMA REAL<\/span><\/span><\/span><\/span><\/span><\/p>\n<p style=\"text-align: center;\"><span style=\"font-family: Oswald, sans-serif; color: #000000;\"><span style=\"font-weight: 600;\"><span style=\"color: #se1500;\"><span style=\"font-size: calc(0.8em + 1vw); line-height: 70%;\"><span style=\"line-height: 50%;\">EL PRODUCTO EN CUALQUIERA DE SUS ARISTAS, ANTES DE SER IMPRESO.<\/span><\/span><\/span><\/span><\/span><\/p>\n<p>[\/vc_column_text][vc_empty_space height=&#8221;13px&#8221;][\/vc_column][\/vc_row][vc_row content_placement=&#8221;middle&#8221; parallax=&#8221;content-moving&#8221; parallax_speed_bg=&#8221;1.8&#8243; content_text_aligment=&#8221;center&#8221; css=&#8221;.vc_custom_1622251883624{background-color: #fffdfc !important;}&#8221;][vc_column width=&#8221;3\/5&#8243; css=&#8221;.vc_custom_1629294919966{background: #161819 url(https:\/\/somospinka.com\/wp60\/wp-content\/uploads\/2021\/05\/back_realtime_3d12-w1-01-01.png?id=4069) !important;background-position: center !important;background-repeat: no-repeat !important;background-size: contain !important;}&#8221;]<div class=\"edgtf-elements-holder  edgtf-eh-full-height edgtf-one-column edgtf-ehi-float edgtf-responsive-mode-768 edgtf-one-column-alignment-center\" ><div class=\"edgtf-eh-item   edgtf-horizontal-alignment-center  edgtf-eh-item-full-height\"  data-item-class=\"edgtf-eh-custom-1010\">\n\t<div class=\"edgtf-eh-item-inner\">\n\t\t<div class=\"edgtf-eh-item-content edgtf-eh-custom-1010\" style=\"padding: 0px 0px 0px 307px\">\n\t\t\t[mdp_wpb_lottier properties_animation_speed=&#8221;1&#8243; animation_url=&#8221;url:https%3A%2F%2Fassets5.lottiefiles.com%2Fprivate_files%2Flf30_jviu4i19.json|||&#8221; style_animation_width=&#8221;89%&#8221;]\t\t<\/div>\n\t<\/div>\n<\/div><\/div>[\/vc_column][vc_column width=&#8221;2\/5&#8243; css=&#8221;.vc_custom_1629240156762{padding-right: 5% !important;padding-bottom: 5% !important;padding-left: 5% !important;}&#8221;]<div class=\"edgtf-elements-holder   edgtf-one-column  edgtf-responsive-mode-768 \" ><div class=\"edgtf-eh-item     \"  data-item-class=\"edgtf-eh-custom-6823\">\n\t<div class=\"edgtf-eh-item-inner\">\n\t\t<div class=\"edgtf-eh-item-content edgtf-eh-custom-6823\" >\n\t\t\t[vc_column_text css=&#8221;.vc_custom_1629239904967{padding-right: 40px !important;padding-bottom: 50px !important;padding-left: 35px !important;}&#8221;]<\/p>\n<p style=\"text-align: left;\"><span style=\"font-family: Oswald, sans-serif; color: #000000;\"><span style=\"font-weight: 600;\"><span style=\"color: #se1500;\"><span style=\"font-size: calc(0.7em + 0.8vw); line-height: 70%;\"><span style=\"line-height: 50%;\">IDEAMOS EMPAQUES PERSONALIZADOS, EN DIFERENTES CANTIDADES COMO DIMENSIONES, DANDO UN PRODUCTO DE ALTA CALIDAD.<\/span><\/span><\/span><\/span><\/span><\/p>\n<p>[\/vc_column_text][vc_column_text css=&#8221;.vc_custom_1629239910013{padding-right: 40px !important;padding-left: 35px !important;}&#8221;]<\/p>\n<p style=\"text-align: left;\"><span style=\"font-family: Oswald, sans-serif; color: #000000;\"><span style=\"font-weight: 600;\"><span style=\"color: #se1500;\"><span style=\"font-size: calc(0.7em + 0.8vw); line-height: 70%;\"><span style=\"line-height: 50%;\">CONTAMOS CON DIFERENTES ESTILOS DE PACKAGING ADAPTABLES Y FUNCIONALES DE ACUERDO A SUS NECESIDADES Y SU MARCA.<\/span><\/span><\/span><\/span><\/span><\/p>\n<p>[\/vc_column_text]\t\t<\/div>\n\t<\/div>\n<\/div><\/div>[\/vc_column][\/vc_row][vc_row row_content_width=&#8221;grid&#8221; css=&#8221;.vc_custom_1598570423218{padding-top: 90px !important;}&#8221;][vc_column width=&#8221;1\/2&#8243;][vc_column_text]<span style=\"font-weight: 400;\">El aspecto y funcionalidad del empaque son importantes para complementar a tu producto y har\u00e1 que te identifiquen de inmediato, la clase de producto, la identidad de tu compa\u00f1\u00eda y las emociones o experiencias que quieres transmitir. Dise\u00f1amos creativamente las necesidades de tu empresa, ya sea producto de marca o como parte de una campa\u00f1a de marketing.<br \/>\n<\/span>[\/vc_column_text][\/vc_column][vc_column width=&#8221;1\/2&#8243;]<div class=\"edgtf-progress-bar  \">\n\t<h6 class=\"edgtf-pb-title-holder\" >\n\t\t<span class=\"edgtf-pb-title\">detalle<\/span>\n\t\t<span class=\"edgtf-pb-percent\">0<\/span>\n\t<\/h6>\n\t<div class=\"edgtf-pb-content-holder\" >\n\t\t<div data-percentage=50 class=\"edgtf-pb-content\" ><\/div>\n\t<\/div>\n<\/div><div class=\"edgtf-progress-bar  \">\n\t<h6 class=\"edgtf-pb-title-holder\" >\n\t\t<span class=\"edgtf-pb-title\">detalle<\/span>\n\t\t<span class=\"edgtf-pb-percent\">0<\/span>\n\t<\/h6>\n\t<div class=\"edgtf-pb-content-holder\" >\n\t\t<div data-percentage=50 class=\"edgtf-pb-content\" ><\/div>\n\t<\/div>\n<\/div>[\/vc_column][\/vc_row][vc_row row_content_width=&#8221;grid&#8221; css=&#8221;.vc_custom_1601409581756{padding-top: 90px !important;padding-bottom: 140px !important;}&#8221;][vc_column]<div class=\"edgtf-image-gallery edgtf-grid-list edgtf-disable-bottom-space  edgtf-ig-grid-type edgtf-three-columns edgtf-huge-space  \">\n\t<div class=\"edgtf-ig-inner edgtf-outer-space\">\n\t\t\t\t\t<div class=\"edgtf-ig-image edgtf-item-space\">\n\t\t\t\t<div class=\"edgtf-ig-image-inner\">\n\t\t\t\t\t\t\t\t\t\t\t<img width=\"800\" height=\"1005\" src=\"https:\/\/somospinka.com\/wp-content\/uploads\/2020\/09\/bot_photos_2.jpg\" class=\"attachment-full size-full\" alt=\"\" decoding=\"async\" loading=\"lazy\" srcset=\"https:\/\/somospinka.com\/wp-content\/uploads\/2020\/09\/bot_photos_2.jpg 800w, https:\/\/somospinka.com\/wp-content\/uploads\/2020\/09\/bot_photos_2-239x300.jpg 239w, https:\/\/somospinka.com\/wp-content\/uploads\/2020\/09\/bot_photos_2-768x965.jpg 768w\" sizes=\"(max-width: 800px) 100vw, 800px\" \/>\t\t\t\t\t\t\t\t\t<\/div>\n\t\t\t<\/div>\n\t\t\t\t\t<div class=\"edgtf-ig-image edgtf-item-space\">\n\t\t\t\t<div class=\"edgtf-ig-image-inner\">\n\t\t\t\t\t\t\t\t\t\t\t<img width=\"800\" height=\"1005\" src=\"https:\/\/somospinka.com\/wp-content\/uploads\/2020\/09\/bot_photos_1.jpg\" class=\"attachment-full size-full\" alt=\"\" decoding=\"async\" loading=\"lazy\" srcset=\"https:\/\/somospinka.com\/wp-content\/uploads\/2020\/09\/bot_photos_1.jpg 800w, https:\/\/somospinka.com\/wp-content\/uploads\/2020\/09\/bot_photos_1-239x300.jpg 239w, https:\/\/somospinka.com\/wp-content\/uploads\/2020\/09\/bot_photos_1-768x965.jpg 768w\" sizes=\"(max-width: 800px) 100vw, 800px\" \/>\t\t\t\t\t\t\t\t\t<\/div>\n\t\t\t<\/div>\n\t\t\t\t\t<div class=\"edgtf-ig-image edgtf-item-space\">\n\t\t\t\t<div class=\"edgtf-ig-image-inner\">\n\t\t\t\t\t\t\t\t\t\t\t<img width=\"800\" height=\"1005\" src=\"https:\/\/somospinka.com\/wp-content\/uploads\/2020\/09\/bot_photos_3.jpg\" class=\"attachment-full size-full\" alt=\"\" decoding=\"async\" loading=\"lazy\" srcset=\"https:\/\/somospinka.com\/wp-content\/uploads\/2020\/09\/bot_photos_3.jpg 800w, https:\/\/somospinka.com\/wp-content\/uploads\/2020\/09\/bot_photos_3-239x300.jpg 239w, https:\/\/somospinka.com\/wp-content\/uploads\/2020\/09\/bot_photos_3-768x965.jpg 768w\" sizes=\"(max-width: 800px) 100vw, 800px\" \/>\t\t\t\t\t\t\t\t\t<\/div>\n\t\t\t<\/div>\n\t\t\t<\/div>\n<\/div>[vc_empty_space height=&#8221;5px&#8221;][\/vc_column][\/vc_row][vc_row css=&#8221;.vc_custom_1629240536097{padding-bottom: 5% !important;}&#8221;][vc_column]<div class=\"edgtf-elements-holder   edgtf-one-column  edgtf-responsive-mode-768 \" ><div class=\"edgtf-eh-item     \"  data-item-class=\"edgtf-eh-custom-7849\">\n\t<div class=\"edgtf-eh-item-inner\">\n\t\t<div class=\"edgtf-eh-item-content edgtf-eh-custom-7849\" >\n\t\t\t[vc_column_text]<\/p>\n<p style=\"text-align: center;\"><span style=\"font-family: Oswald, sans-serif; color: #ffffff;\"><span style=\"font-weight: 600;\"><span style=\"color: #se1500;\"><span style=\"font-size: calc(1.1em + 1.8vw); line-height: 70%;\"><span style=\"line-height: 50%;\">SIGUE DESCUBRIENDO Y CONOCIENDO<\/span><\/span><\/span><\/span><\/span><br \/>\n<span style=\"font-family: Oswald, sans-serif;\"><span style=\"font-weight: 600;\"><span style=\"color: #se1500;\"><span style=\"font-size: calc(1.1em + 1.8vw); line-height: 70%;\"><span style=\"line-height: 50%;\"><span style=\"color: #191970;\"><a href=\"https:\/\/somospinka.com\/wp60\"><span style=\"font-family: 'IBM Plex Serif'; font-style: italic; color: #f10c1b;\"><span style=\"font-weight: 200;\"><span style=\"font-size: calc(1.1em + 1.8vw); line-height: 70%;\"><strong>Nuestros productos.<\/strong><\/span><\/span><\/span><\/a><\/span><\/span><\/span><\/span><\/span><\/span><\/p>\n<p>[\/vc_column_text]\t\t<\/div>\n\t<\/div>\n<\/div><\/div>[\/vc_column][\/vc_row]<\/p>\n","protected":false},"excerpt":{"rendered":"<p>[vc_row][vc_column][\/vc_column][\/vc_row][vc_row disable_background_image=&#8221;&#8221; simple_background_image=&#8221;3989&#8243;][vc_column width=&#8221;1\/2&#8243; css=&#8221;.vc_custom_1629294846083{padding-right: 15% !important;padding-left: 8% !important;}&#8221;][\/vc_column][vc_column width=&#8221;1\/2&#8243;][vc_empty_space height=&#8221;10em&#8221;][\/vc_column][\/vc_row][vc_row css=&#8221;.vc_custom_1629294884683{margin-top: 0px !important;margin-bottom: 0px !important;background-image: url(https:\/\/somospinka.com\/wp60\/wp-content\/uploads\/2021\/05\/back_sustenta_-01-01-min.png?id=4036) !important;}&#8221; parallax_background_image=&#8221;4037&#8243;][vc_column css=&#8221;.vc_custom_1622246263955{margin-top: 0px !important;}&#8221;][vc_column_text css=&#8221;.vc_custom_1629240118057{padding-top: 3% !important;padding-right: 60% !important;padding-left: 10% !important;}&#8221;]\u00bfCOMO OBTENER RESULTADOS DESDE EL PROCESO SOSTENIBLE?[\/vc_column_text][vc_column_text css=&#8221;.vc_custom_1629239720144{padding-top: 65px !important;padding-right: 15% !important;padding-bottom: [&hellip;]<\/p>\n","protected":false},"author":1,"featured_media":0,"parent":0,"menu_order":0,"comment_status":"closed","ping_status":"closed","template":"full-width.php","meta":[],"_links":{"self":[{"href":"https:\/\/somospinka.com\/index.php?rest_route=\/wp\/v2\/pages\/3101"}],"collection":[{"href":"https:\/\/somospinka.com\/index.php?rest_route=\/wp\/v2\/pages"}],"about":[{"href":"https:\/\/somospinka.com\/index.php?rest_route=\/wp\/v2\/types\/page"}],"author":[{"embeddable":true,"href":"https:\/\/somospinka.com\/index.php?rest_route=\/wp\/v2\/users\/1"}],"replies":[{"embeddable":true,"href":"https:\/\/somospinka.com\/index.php?rest_route=%2Fwp%2Fv2%2Fcomments&post=3101"}],"version-history":[{"count":139,"href":"https:\/\/somospinka.com\/index.php?rest_route=\/wp\/v2\/pages\/3101\/revisions"}],"predecessor-version":[{"id":4636,"href":"https:\/\/somospinka.com\/index.php?rest_route=\/wp\/v2\/pages\/3101\/revisions\/4636"}],"wp:attachment":[{"href":"https:\/\/somospinka.com\/index.php?rest_route=%2Fwp%2Fv2%2Fmedia&parent=3101"}],"curies":[{"name":"wp","href":"https:\/\/api.w.org\/{rel}","templated":true}]}}