{"id":3095,"date":"2020-09-19T17:55:16","date_gmt":"2020-09-19T17:55:16","guid":{"rendered":"https:\/\/somospinka.com\/wp60?page_id=3095"},"modified":"2021-08-18T13:30:10","modified_gmt":"2021-08-18T13:30:10","slug":"s_digital-content","status":"publish","type":"page","link":"https:\/\/somospinka.com\/?page_id=3095","title":{"rendered":"S_DIGITAL CONTENT"},"content":{"rendered":"<p>[vc_row disable_background_image=&#8221;&#8221; css=&#8221;.vc_custom_1629293391810{background-image: url(https:\/\/somospinka.com\/wp60\/wp-content\/uploads\/2021\/05\/PORTADA_DIGITAL-01_mx-01-min.png?id=3961) !important;}&#8221; simple_background_image=&#8221;3726&#8243;][vc_column]<div class=\"edgtf-elements-holder   edgtf-one-column  edgtf-responsive-mode-768 \" ><div class=\"edgtf-eh-item     \" style=\"background-image: url(https:\/\/somospinka.com\/wp-content\/uploads\/2021\/04\/TEXTO_DIGITAL_INTRRO-01-min.png)\" data-item-class=\"edgtf-eh-custom-5459\">\n\t<div class=\"edgtf-eh-item-inner\">\n\t\t<div class=\"edgtf-eh-item-content edgtf-eh-custom-5459\" >\n\t\t\t[vc_empty_space height=&#8221;15.5em&#8221;]<h3 class=\"edgtf-custom-font-holder  edgtf-cf-1138  \" style=\"font-size: 5.5em;line-height: 1em;text-align: center;color: #161819;margin: 0px 0px -10px 0px\" data-item-class=\"edgtf-cf-1138\" data-font-size-1366=\"4.5em\" data-font-size-1024=\"3em\" data-font-size-768=\"3em\" data-font-size-680=\"3em\">\n\n            UNA NUEVA FORMA    <\/h3>\n<div class=\"edgtf-single-image-holder   edgtf-image-behavior-zoom\">\n    <div class=\"edgtf-si-inner\" >\n                                    <img width=\"2880\" height=\"57\" src=\"https:\/\/somospinka.com\/wp-content\/uploads\/2020\/08\/sprectrum_large-01.png\" class=\"attachment-full size-full\" alt=\"\" decoding=\"async\" loading=\"lazy\" srcset=\"https:\/\/somospinka.com\/wp-content\/uploads\/2020\/08\/sprectrum_large-01.png 2880w, https:\/\/somospinka.com\/wp-content\/uploads\/2020\/08\/sprectrum_large-01-300x6.png 300w, https:\/\/somospinka.com\/wp-content\/uploads\/2020\/08\/sprectrum_large-01-1024x20.png 1024w, https:\/\/somospinka.com\/wp-content\/uploads\/2020\/08\/sprectrum_large-01-768x15.png 768w, https:\/\/somospinka.com\/wp-content\/uploads\/2020\/08\/sprectrum_large-01-1536x30.png 1536w\" sizes=\"(max-width: 2880px) 100vw, 2880px\" \/>                        <\/div>\n<\/div><h3 class=\"edgtf-custom-font-holder  edgtf-cf-9990  \" style=\"font-size: 5.5em;line-height: 1em;text-align: center;color: #fffdfc;margin: 0px 0px -10px 0px\" data-item-class=\"edgtf-cf-9990\" data-font-size-1366=\"4.5em\" data-font-size-1024=\"3em\" data-font-size-768=\"3em\" data-font-size-680=\"3em\">\n\n            DE COMUNICARNOS    <\/h3>\n[vc_empty_space height=&#8221;15.5em&#8221;]\t\t<\/div>\n\t<\/div>\n<\/div><\/div>[\/vc_column][\/vc_row][vc_row content_text_aligment=&#8221;center&#8221; css=&#8221;.vc_custom_1619886244184{background-color: #191970 !important;}&#8221;][vc_column css=&#8221;.vc_custom_1619886146216{background-position: center !important;background-repeat: no-repeat !important;background-size: contain !important;}&#8221;]<div class=\"edgtf-elements-holder   edgtf-one-column  edgtf-responsive-mode-768 edgtf-one-column-alignment-center\" ><div class=\"edgtf-eh-item   edgtf-horizontal-alignment-center edgtf-element-from-bottom \" style=\"background-image: url(https:\/\/somospinka.com\/wp-content\/uploads\/2021\/04\/storyte_digital_icono-01-min.png)\" data-item-class=\"edgtf-eh-custom-3359\" data-animation=\"edgtf-element-from-bottom\">\n\t<div class=\"edgtf-eh-item-inner\">\n\t\t<div class=\"edgtf-eh-item-content edgtf-eh-custom-3359\" style=\"padding: 0px 150px 0px 150px\">\n\t\t\t[vc_empty_space height=&#8221;10.5em&#8221;][vc_column_text css=&#8221;.vc_custom_1628799899122{border-right-width: 11% !important;border-left-width: 11% !important;}&#8221;]<span style=\"font-family: IBM Plex Serif; font-style: italic;\"><span style=\"font-weight: 200;\"><span style=\"color: #se1500;\"><span style=\"font-size: 3vw; line-height: 70%;\"><span style=\"line-height: 50%;\"><span style=\"color: #ffffff;\">Construimos <strong>el storytelling<\/strong> dentro de una plataforma llena de posibilidades.<\/span><\/span><\/span><\/span><\/span><\/span>[\/vc_column_text][vc_empty_space height=&#8221;10.5em&#8221;]\t\t<\/div>\n\t<\/div>\n<\/div><\/div>[\/vc_column][\/vc_row][vc_row css=&#8221;.vc_custom_1629293405759{background-image: url(https:\/\/somospinka.com\/wp60\/wp-content\/uploads\/2021\/04\/MIDLE_BACK_DIGITAL-021-min.png?id=3792) !important;background-position: center !important;background-repeat: no-repeat !important;background-size: cover !important;}&#8221;][vc_column]<div class=\"edgtf-elements-holder   edgtf-one-column  edgtf-responsive-mode-768 \" ><div class=\"edgtf-eh-item   edgtf-horizontal-alignment-center  \"  data-item-class=\"edgtf-eh-custom-2696\">\n\t<div class=\"edgtf-eh-item-inner\">\n\t\t<div class=\"edgtf-eh-item-content edgtf-eh-custom-2696\" >\n\t\t\t[vc_empty_space height=&#8221;21em&#8221;][vc_single_image image=&#8221;3787&#8243; img_size=&#8221;full&#8221; alignment=&#8221;center&#8221;][vc_empty_space height=&#8221;50px&#8221;]<h3 class=\"edgtf-custom-font-holder  edgtf-cf-7018  \" style=\"font-size: 1.5em;line-height: 1.4em;text-align: left;color: #7fffd4;margin: 0% 15% 0% 55%\" data-item-class=\"edgtf-cf-7018\" data-font-size-1366=\"1.3em\" data-font-size-1024=\"0.77em\" data-font-size-768=\"0.77em\" data-font-size-680=\"0.77em\">\n\n            Las redes sociales, los banners y los mailings son parte del universo digital. Un medio de comunicaci\u00f3n que est\u00e1 en constante transformaci\u00f3n y en donde se encuentra la mayor interacci\u00f3n con el publico.    <\/h3>\n[vc_empty_space height=&#8221;150px&#8221;]\t\t<\/div>\n\t<\/div>\n<\/div><\/div>[\/vc_column][\/vc_row][vc_row equal_height=&#8221;yes&#8221; css=&#8221;.vc_custom_1619912722166{background-color: #fffdfc !important;}&#8221;][vc_column width=&#8221;3\/5&#8243; css=&#8221;.vc_custom_1619912744697{margin-top: 90px !important;background-color: #fffdfc !important;}&#8221;]<div class=\"edgtf-elements-holder   edgtf-one-column  edgtf-responsive-mode-768 edgtf-one-column-alignment-right\" ><div class=\"edgtf-eh-item   edgtf-horizontal-alignment-right  edgtf-eh-item-full-height\"  data-item-class=\"edgtf-eh-custom-1272\">\n\t<div class=\"edgtf-eh-item-inner\">\n\t\t<div class=\"edgtf-eh-item-content edgtf-eh-custom-1272\" >\n\t\t\t[vc_single_image image=&#8221;3918&#8243; img_size=&#8221;full&#8221; alignment=&#8221;right&#8221;]\t\t<\/div>\n\t<\/div>\n<\/div><\/div><div class=\"edgtf-single-image-holder   \">\n    <div class=\"edgtf-si-inner\" >\n                                    <img width=\"1024\" height=\"943\" src=\"https:\/\/somospinka.com\/wp-content\/uploads\/2021\/07\/modelo_creative_digi1-01-min-1024x943.png\" class=\"attachment-large size-large\" alt=\"\" decoding=\"async\" loading=\"lazy\" srcset=\"https:\/\/somospinka.com\/wp-content\/uploads\/2021\/07\/modelo_creative_digi1-01-min-1024x943.png 1024w, https:\/\/somospinka.com\/wp-content\/uploads\/2021\/07\/modelo_creative_digi1-01-min-300x276.png 300w, https:\/\/somospinka.com\/wp-content\/uploads\/2021\/07\/modelo_creative_digi1-01-min-768x707.png 768w, https:\/\/somospinka.com\/wp-content\/uploads\/2021\/07\/modelo_creative_digi1-01-min.png 1128w\" sizes=\"(max-width: 1024px) 100vw, 1024px\" \/>                        <\/div>\n<\/div>[\/vc_column][vc_column width=&#8221;2\/5&#8243; css=&#8221;.vc_custom_1619913008625{margin-right: 0px !important;margin-left: 45px !important;background: #ff4500 url(https:\/\/somospinka.com\/wp60wp-content\/uploads\/2021\/04\/hombre_amarillo_digital-01-min.png?id=3840) !important;}&#8221;]<div class=\"edgtf-elements-holder   edgtf-one-column  edgtf-responsive-mode-768 edgtf-one-column-alignment-left\" ><div class=\"edgtf-eh-item     \"  data-item-class=\"edgtf-eh-custom-1248\">\n\t<div class=\"edgtf-eh-item-inner\">\n\t\t<div class=\"edgtf-eh-item-content edgtf-eh-custom-1248\" style=\"padding: 0px 0px 0px 35px\">\n\t\t\t[vc_single_image image=&#8221;3919&#8243; img_size=&#8221;full&#8221; css=&#8221;.vc_custom_1619912852101{margin-top: 90px !important;}&#8221;]\t\t<\/div>\n\t<\/div>\n<\/div><\/div><div class=\"edgtf-elements-holder   edgtf-one-column  edgtf-responsive-mode-768 \" ><div class=\"edgtf-eh-item     \"  data-item-class=\"edgtf-eh-custom-4924\" data-1367-1600=\"0px 250px 0px 35px\" data-1025-1366=\"0px 150px 0px 35px\" data-769-1024=\"0px 50px 0px 35px\" data-681-768=\"0px 50px 0px 35px\" data-680=\"0px 35px 0px 35px\">\n\t<div class=\"edgtf-eh-item-inner\">\n\t\t<div class=\"edgtf-eh-item-content edgtf-eh-custom-4924\" style=\"padding: 55px 250px 0px 35px\">\n\t\t\t[vc_empty_space height=&#8221;55px&#8221;][vc_column_text]<span style=\"font-family: Oswald, sans-serif;\"><span style=\"font-weight: 600;\"><span style=\"color: #se1500;\"><span style=\"font-size: 1.95em; line-height: 70%;\"><span style=\"line-height: 50%;\"><span style=\"color: #ffffff;\">CONSTRUIMOS,<\/span> <span style=\"color: #191970;\">HERRAMIENTAS PARA POTENCIAR LA PRODUCCI\u00d3N DE CONTENIDO CON CALIDAD,<\/span><span style=\"color: #ffffff;\"> CONSTRUYENDO UNA MARCA S\u00d3LIDA QUE PUEDA SER RECONOCIDA.<\/span><\/span><\/span><\/span><\/span><\/span>[\/vc_column_text][vc_empty_space height=&#8221;55px&#8221;][vc_column_text]<span style=\"font-family: Oswald, sans-serif;\"><span style=\"font-weight: 600;\"><span style=\"color: #se1500;\"><span style=\"font-size: 1.95em; line-height: 70%;\"><span style=\"line-height: 50%;\"><span style=\"color: #ffffff;\">EL OBJETIVO,<\/span> <span style=\"color: #191970;\">CONOCIENDO EL FOCO DE NUESTROS CLIENTE <\/span><span style=\"color: #ffffff;\"> PARA CONSTRUIR UN MENSAJE REAL QUE SE IDENTIFIQUE CON NUESTRA AUDIENCIA. <\/span><\/span><\/span><\/span><\/span><\/span>[\/vc_column_text][vc_empty_space height=&#8221;55px&#8221;][vc_column_text]<span style=\"font-family: Oswald, sans-serif;\"><span style=\"font-weight: 600;\"><span style=\"color: #se1500;\"><span style=\"font-size: 1.95em; line-height: 70%;\"><span style=\"line-height: 50%;\"><span style=\"color: #191970;\">RESPONDIENDO A LA INMEDIATEZ <\/span><span style=\"color: #ffffff;\">CON CON TENDENCIAS DE CALIDAD, AL ADOPTAR UNA IDENTIDAD QUE NOS PERMITE TRABAJARLO DE MANERA EFECTIVA.<\/span><\/span><\/span><\/span><\/span><\/span>[\/vc_column_text][vc_empty_space height=&#8221;220px&#8221;]\t\t<\/div>\n\t<\/div>\n<\/div><\/div>[\/vc_column][\/vc_row][vc_row content_text_aligment=&#8221;center&#8221; css=&#8221;.vc_custom_1628788850127{margin-right: 0px !important;margin-left: 0px !important;background-color: #fcfcfc !important;background-position: center !important;background-repeat: no-repeat !important;background-size: contain !important;}&#8221; simple_background_color=&#8221;#fcfcfc&#8221; parallax_background_image=&#8221;4452&#8243;][vc_column width=&#8221;1\/2&#8243;]<div class=\"edgtf-elements-holder  edgtf-eh-full-height edgtf-one-column  edgtf-responsive-mode-768 edgtf-one-column-alignment-center\" ><div class=\"edgtf-eh-item   edgtf-horizontal-alignment-center  edgtf-eh-item-full-height\"  data-item-class=\"edgtf-eh-custom-7634\">\n\t<div class=\"edgtf-eh-item-inner\">\n\t\t<div class=\"edgtf-eh-item-content edgtf-eh-custom-7634\" >\n\t\t\t<h2 class=\"edgtf-custom-font-holder  edgtf-cf-1167  \" style=\"font-size: 3.9em;line-height: 1.3em;text-align: left;color: #000080;margin: 90px 10% 70px 15%\" data-item-class=\"edgtf-cf-1167\" data-font-size-1366=\"3.2em\" data-font-size-1024=\"2.6em\" data-font-size-768=\"2.5em\" data-font-size-680=\"2.3em\">\n\n            CON UNA FORMULA SIMPLE<br \/> QUE NOS PERMITE DAR UNA RESPUESTA CONFIABLE A...    <\/h2>\n\t\t<\/div>\n\t<\/div>\n<\/div><\/div>[\/vc_column][vc_column width=&#8221;1\/2&#8243; css=&#8221;.vc_custom_1628790143057{margin-top: 22px !important;}&#8221;]<div class=\"edgtf-elements-holder  edgtf-eh-full-height edgtf-one-column  edgtf-responsive-mode-768 edgtf-one-column-alignment-center\" ><div class=\"edgtf-eh-item   edgtf-horizontal-alignment-center  edgtf-eh-item-full-height\"  data-item-class=\"edgtf-eh-custom-7732\">\n\t<div class=\"edgtf-eh-item-inner\">\n\t\t<div class=\"edgtf-eh-item-content edgtf-eh-custom-7732\" >\n\t\t\t<div class=\"edgtf-single-image-holder   \">\n    <div class=\"edgtf-si-inner\" >\n                                    <img src=\"https:\/\/somospinka.com\/wp-content\/uploads\/2021\/05\/XYZ-solved-02-min-624x344.png\" alt=\"\" width=\"624\" height=\"344\" \/>                        <\/div>\n<\/div>\t\t<\/div>\n\t<\/div>\n<\/div><\/div>[\/vc_column][\/vc_row][vc_row css=&#8221;.vc_custom_1620052233224{padding-top: 0px !important;background-color: #fcfcfc !important;}&#8221;][vc_column]<div class=\"edgtf-single-image-holder   edgtf-image-behavior-zoom\">\n    <div class=\"edgtf-si-inner\" >\n                                    <img width=\"2880\" height=\"57\" src=\"https:\/\/somospinka.com\/wp-content\/uploads\/2020\/08\/sprectrum_large-01.png\" class=\"attachment-full size-full\" alt=\"\" decoding=\"async\" loading=\"lazy\" srcset=\"https:\/\/somospinka.com\/wp-content\/uploads\/2020\/08\/sprectrum_large-01.png 2880w, https:\/\/somospinka.com\/wp-content\/uploads\/2020\/08\/sprectrum_large-01-300x6.png 300w, https:\/\/somospinka.com\/wp-content\/uploads\/2020\/08\/sprectrum_large-01-1024x20.png 1024w, https:\/\/somospinka.com\/wp-content\/uploads\/2020\/08\/sprectrum_large-01-768x15.png 768w, https:\/\/somospinka.com\/wp-content\/uploads\/2020\/08\/sprectrum_large-01-1536x30.png 1536w\" sizes=\"(max-width: 2880px) 100vw, 2880px\" \/>                        <\/div>\n<\/div>[\/vc_column][\/vc_row][vc_row row_content_width=&#8221;grid&#8221; css=&#8221;.vc_custom_1628789464425{padding-top: 5px !important;padding-bottom: 35px !important;background-color: #fcfcfc !important;}&#8221; parallax_background_image=&#8221;3158&#8243;][vc_column][vc_column_text]<span style=\"font-family: 'IBM Plex Serif'; font-style: italic; color: #000080;\"><span style=\"font-weight: 200;\"><span style=\"color: #se1500;\"><span style=\"font-size: 1.95em; line-height: 70%;\"><span style=\"line-height: 50%;\">Parte de nuestro trabajo es <strong>lograr piezas de impacto,<\/strong> esto lo llevamos desarrollando desde hace a\u00f1os con un equipo que empuja siempre hacia <strong>un resultado de exito.<\/strong><\/span><\/span><\/span><\/span><\/span>[\/vc_column_text][vc_empty_space height=&#8221;3.5em&#8221;]<div class=\"edgtf-image-gallery edgtf-grid-list edgtf-disable-bottom-space  edgtf-ig-grid-type edgtf-three-columns edgtf-medium-space  \">\n\t<div class=\"edgtf-ig-inner edgtf-outer-space\">\n\t\t\t\t\t<div class=\"edgtf-ig-image edgtf-item-space\">\n\t\t\t\t<div class=\"edgtf-ig-image-inner\">\n\t\t\t\t\t\t\t\t\t\t\t<img width=\"540\" height=\"540\" src=\"https:\/\/somospinka.com\/wp-content\/uploads\/2021\/05\/ezgif.com-gif-maker.gif\" class=\"attachment-full size-full\" alt=\"\" decoding=\"async\" loading=\"lazy\" \/>\t\t\t\t\t\t\t\t\t<\/div>\n\t\t\t<\/div>\n\t\t\t\t\t<div class=\"edgtf-ig-image edgtf-item-space\">\n\t\t\t\t<div class=\"edgtf-ig-image-inner\">\n\t\t\t\t\t\t\t\t\t\t\t<img width=\"1080\" height=\"1080\" src=\"https:\/\/somospinka.com\/wp-content\/uploads\/2021\/08\/APRETAO_WEB_PINKA_1.gif\" class=\"attachment-full size-full\" alt=\"\" decoding=\"async\" loading=\"lazy\" \/>\t\t\t\t\t\t\t\t\t<\/div>\n\t\t\t<\/div>\n\t\t\t\t\t<div class=\"edgtf-ig-image edgtf-item-space\">\n\t\t\t\t<div class=\"edgtf-ig-image-inner\">\n\t\t\t\t\t\t\t\t\t\t\t<img width=\"1080\" height=\"1080\" src=\"https:\/\/somospinka.com\/wp-content\/uploads\/2021\/08\/CAR_1_JUGUETE_1_1.gif\" class=\"attachment-full size-full\" alt=\"\" decoding=\"async\" loading=\"lazy\" \/>\t\t\t\t\t\t\t\t\t<\/div>\n\t\t\t<\/div>\n\t\t\t<\/div>\n<\/div>[\/vc_column][\/vc_row][vc_row css=&#8221;.vc_custom_1628800306396{padding-top: 0px !important;background-color: #fffdfc !important;}&#8221;][vc_column css=&#8221;.vc_custom_1628809907295{padding-bottom: 5% !important;}&#8221;][vc_empty_space height=&#8221;2%&#8221;][vc_column_text]<\/p>\n<p style=\"text-align: center;\"><span style=\"font-family: Oswald, sans-serif;\"><span style=\"font-weight: 600;\"><span style=\"color: #se1500;\"><span style=\"font-size: calc(1.1em + 1.8vw); line-height: 70%;\"><span style=\"line-height: 50%;\"><span style=\"color: #191970;\">SIGUE DESCUBRIENDO Y CONOCIENDO<\/span><\/span><\/span><\/span><\/span><\/span><br \/>\n<span style=\"font-family: Oswald, sans-serif;\"><span style=\"font-weight: 600;\"><span style=\"color: #se1500;\"><span style=\"font-size: calc(1.1em + 1.8vw); line-height: 70%;\"><span style=\"line-height: 50%;\"><span style=\"color: #191970;\"><a href=\"https:\/\/somospinka.com\/wp60\"><span style=\"font-family: 'IBM Plex Serif'; font-style: italic; color: #f10c1b;\"><span style=\"font-weight: 200;\"><span style=\"font-size: calc(1.1em + 1.8vw); line-height: 70%;\"><strong>Nuestros productos.<\/strong><\/span><\/span><\/span><\/a><\/span><\/span><\/span><\/span><\/span><\/span><\/p>\n<p>[\/vc_column_text][vc_empty_space height=&#8221;5%&#8221;][\/vc_column][\/vc_row][vc_row][vc_column][vc_column_text]<\/p>\n<p>[\/vc_column_text][\/vc_column][\/vc_row]<\/p>\n","protected":false},"excerpt":{"rendered":"<p>[vc_row disable_background_image=&#8221;&#8221; css=&#8221;.vc_custom_1629293391810{background-image: url(https:\/\/somospinka.com\/wp60\/wp-content\/uploads\/2021\/05\/PORTADA_DIGITAL-01_mx-01-min.png?id=3961) !important;}&#8221; simple_background_image=&#8221;3726&#8243;][vc_column][\/vc_column][\/vc_row][vc_row content_text_aligment=&#8221;center&#8221; css=&#8221;.vc_custom_1619886244184{background-color: #191970 !important;}&#8221;][vc_column css=&#8221;.vc_custom_1619886146216{background-position: center !important;background-repeat: no-repeat !important;background-size: contain !important;}&#8221;][\/vc_column][\/vc_row][vc_row css=&#8221;.vc_custom_1629293405759{background-image: url(https:\/\/somospinka.com\/wp60\/wp-content\/uploads\/2021\/04\/MIDLE_BACK_DIGITAL-021-min.png?id=3792) !important;background-position: center !important;background-repeat: no-repeat !important;background-size: cover !important;}&#8221;][vc_column][\/vc_column][\/vc_row][vc_row equal_height=&#8221;yes&#8221; css=&#8221;.vc_custom_1619912722166{background-color: #fffdfc !important;}&#8221;][vc_column width=&#8221;3\/5&#8243; css=&#8221;.vc_custom_1619912744697{margin-top: 90px !important;background-color: #fffdfc !important;}&#8221;][\/vc_column][vc_column width=&#8221;2\/5&#8243; css=&#8221;.vc_custom_1619913008625{margin-right: 0px !important;margin-left: [&hellip;]<\/p>\n","protected":false},"author":1,"featured_media":0,"parent":0,"menu_order":0,"comment_status":"closed","ping_status":"closed","template":"full-width.php","meta":[],"_links":{"self":[{"href":"https:\/\/somospinka.com\/index.php?rest_route=\/wp\/v2\/pages\/3095"}],"collection":[{"href":"https:\/\/somospinka.com\/index.php?rest_route=\/wp\/v2\/pages"}],"about":[{"href":"https:\/\/somospinka.com\/index.php?rest_route=\/wp\/v2\/types\/page"}],"author":[{"embeddable":true,"href":"https:\/\/somospinka.com\/index.php?rest_route=\/wp\/v2\/users\/1"}],"replies":[{"embeddable":true,"href":"https:\/\/somospinka.com\/index.php?rest_route=%2Fwp%2Fv2%2Fcomments&post=3095"}],"version-history":[{"count":288,"href":"https:\/\/somospinka.com\/index.php?rest_route=\/wp\/v2\/pages\/3095\/revisions"}],"predecessor-version":[{"id":4619,"href":"https:\/\/somospinka.com\/index.php?rest_route=\/wp\/v2\/pages\/3095\/revisions\/4619"}],"wp:attachment":[{"href":"https:\/\/somospinka.com\/index.php?rest_route=%2Fwp%2Fv2%2Fmedia&parent=3095"}],"curies":[{"name":"wp","href":"https:\/\/api.w.org\/{rel}","templated":true}]}}