{"id":3085,"date":"2020-08-28T16:18:00","date_gmt":"2020-08-28T16:18:00","guid":{"rendered":"https:\/\/somospinka.com\/wp60?page_id=3085"},"modified":"2021-08-18T13:49:34","modified_gmt":"2021-08-18T13:49:34","slug":"s_motion-graphics","status":"publish","type":"page","link":"https:\/\/somospinka.com\/?page_id=3085","title":{"rendered":"S_MOTION GRAPHICS"},"content":{"rendered":"<p>[vc_row css=&#8221;.vc_custom_1625867500825{background-image: url(https:\/\/somospinka.com\/wp60wp-content\/uploads\/2021\/07\/INTRO_MOTION-01-min.png?id=4100) !important;}&#8221;][vc_column]<div class=\"edgtf-elements-holder   edgtf-one-column  edgtf-responsive-mode-768 \" ><div class=\"edgtf-eh-item     \"  data-item-class=\"edgtf-eh-custom-4335\">\n\t<div class=\"edgtf-eh-item-inner\">\n\t\t<div class=\"edgtf-eh-item-content edgtf-eh-custom-4335\" >\n\t\t\t[mdp_wpb_lottier properties_animation_speed=&#8221;1&#8243; animation_url=&#8221;url:https%3A%2F%2Fassets9.lottiefiles.com%2Fprivate_files%2Flf30_osdgcaxw.json|||&#8221;]\t\t<\/div>\n\t<\/div>\n<\/div><\/div>[\/vc_column][\/vc_row][vc_row simple_background_color=&#8221;#fffdfc&#8221; parallax_background_image=&#8221;3154&#8243; parallax_bg_speed=&#8221;3&#8243; css=&#8221;.vc_custom_1627425309147{padding-right: 70px !important;padding-bottom: 10px !important;padding-left: 70px !important;}&#8221;][vc_column][vc_empty_space height=&#8221;7.5em&#8221;][vc_column_text]<\/p>\n<p style=\"text-align: center;\"><span style=\"font-family: 'IBM Plex Serif'; font-style: italic; color: #ff4500;\"><span style=\"font-weight: 200;\"><span style=\"font-size: 3.25em; line-height: 70%;\"><span style=\"line-height: 50%;\">Dar vida y <strong>movimiento <\/strong>entre keyframes y loops.<\/span><\/span><\/span><\/span><\/p>\n<p>[\/vc_column_text][vc_empty_space height=&#8221;7.5em&#8221;][\/vc_column][\/vc_row][vc_row disable_background_image=&#8221;&#8221; content_text_aligment=&#8221;right&#8221; css=&#8221;.vc_custom_1626221195516{background-position: 0 0 !important;background-repeat: no-repeat !important;}&#8221; simple_background_image=&#8221;4134&#8243;][vc_column css=&#8221;.vc_custom_1629294571046{padding-top: 24px !important;padding-bottom: 24px !important;background-image: url(https:\/\/somospinka.com\/wp60\/wp-content\/uploads\/2021\/07\/MOTION_PART_1-02-02-min.png?id=4169) !important;background-position: center !important;background-repeat: no-repeat !important;background-size: contain !important;border-radius: 35px !important;}&#8221;]<div class=\"edgtf-elements-holder   edgtf-one-column  edgtf-responsive-mode-768 \" ><div class=\"edgtf-eh-item   edgtf-horizontal-alignment-center  \"  data-item-class=\"edgtf-eh-custom-8147\">\n\t<div class=\"edgtf-eh-item-inner\">\n\t\t<div class=\"edgtf-eh-item-content edgtf-eh-custom-8147\" >\n\t\t\t[vc_empty_space height=&#8221;19em&#8221;][vc_single_image image=&#8221;4133&#8243; img_size=&#8221;large&#8221; alignment=&#8221;center&#8221;][vc_empty_space height=&#8221;80px&#8221;][vc_column_text css=&#8221;.vc_custom_1629294372818{padding-right: 15% !important;padding-left: 55% !important;}&#8221;]<\/p>\n<p style=\"text-align: left;\"><span style=\"color: #000000;\"><span style=\"font-family: Oswald, sans-serif; color: #ffffff;\"><span style=\"font-weight: 600;\"><span style=\"font-size: calc(0.7em + 0.7vw); line-height: 70%;\"><span style=\"line-height: 50%;\">DIA A DIA ESTAMOS A LA CAZA DE LAS MEJORES TENDENCIAS, REENCONTRANDO LO MEJOR DE NUESTRO TRABAJO CON LO MEJOR DEL MOMENTO, SIEMPRE CREANDO CONTENIDOS FRESCOS Y DINAMICOS QUE LLAME LA ATENCION DEL OJO.<\/span><\/span><\/span><\/span><span style=\"font-family: Oswald, sans-serif;\"><span style=\"font-weight: 600;\"><span style=\"color: #se1500;\"><span style=\"font-size: calc(0.7em + 0.7vw); line-height: 70%;\"><span style=\"line-height: 50%;\"><br \/>\n<\/span><\/span><\/span><\/span><\/span><\/span><\/p>\n<p>[\/vc_column_text][vc_empty_space height=&#8221;19em&#8221;]\t\t<\/div>\n\t<\/div>\n<\/div><\/div>[\/vc_column][\/vc_row][vc_row content_placement=&#8221;middle&#8221; content_text_aligment=&#8221;center&#8221; parallax_background_image=&#8221;33&#8243; css=&#8221;.vc_custom_1629293802260{padding-top: 5.25% !important;padding-bottom: 5.25% !important;background-image: url(https:\/\/somospinka.com\/wp60\/wp-content\/uploads\/2021\/07\/INTRO_MOTION-01-min.png?id=4100) !important;}&#8221; parallax_bg_speed=&#8221;-0.2&#8243;][vc_column]<div class=\"edgtf-video-button-holder  \">\n\t<div class=\"edgtf-video-button-image\">\n\t\t\t<\/div>\n\t\t\t<a class=\"edgtf-video-button-play\"  href=\"https:\/\/youtu.be\/gugaE3srJIE\" data-rel=\"prettyPhoto[video_button_pretty_photo_128]\">\n\t\t\t<span class=\"edgtf-video-button-play-inner\">\n\t\t\t\t<svg class=\"edgtf-theme-svg\" x=\"0px\" y=\"0px\" width=\"115px\" height=\"115px\" viewBox=\"0 0 231.971 231.971\" enable-background=\"new 0 0 231.971 231.971\" xml:space=\"preserve\">\n\t\t\t\t\t<circle fill=\"none\" stroke=\"#000000\" stroke-miterlimit=\"10\" cx=\"115.985\" cy=\"115.985\" r=\"115.485\"\/>\n\t\t\t\t<\/svg><span class=\"edgtf-video-button-text\">PLAY<\/span>\t\t\t<\/span>\n\t\t<\/a>\n\t<\/div>[\/vc_column][\/vc_row][vc_row css=&#8221;.vc_custom_1627424413409{padding-top: 90px !important;padding-bottom: 90px !important;}&#8221; parallax_background_image=&#8221;4037&#8243; simple_background_color=&#8221;#ff4500&#8243;][vc_column width=&#8221;1\/2&#8243;]<div class=\"edgtf-elements-holder   edgtf-one-column  edgtf-responsive-mode-768 edgtf-one-column-alignment-center\" ><div class=\"edgtf-eh-item   edgtf-horizontal-alignment-center  \"  data-item-class=\"edgtf-eh-custom-1823\">\n\t<div class=\"edgtf-eh-item-inner\">\n\t\t<div class=\"edgtf-eh-item-content edgtf-eh-custom-1823\" style=\"padding: 70px\">\n\t\t\t[vc_column_text]<span style=\"font-family: Oswald, sans-serif;\"><span style=\"font-weight: 600;\"><span style=\"color: #se1500;\"><span style=\"font-size: calc(2.7em + 2.2vw); line-height: 70%;\"><span style=\"line-height: 50%;\"><span style=\"color: #191970;\">MOVIMIENTOS QUE ATRAEN MIRADAS.<\/span><\/span><\/span><\/span><\/span><\/span>[\/vc_column_text]\t\t<\/div>\n\t<\/div>\n<\/div><\/div>[\/vc_column][vc_column width=&#8221;1\/2&#8243;]<div class=\"edgtf-elements-holder   edgtf-one-column  edgtf-responsive-mode-768 \" ><div class=\"edgtf-eh-item   edgtf-horizontal-alignment-center  \"  data-item-class=\"edgtf-eh-custom-2648\" data-1367-1600=\"20px 150px\" data-1025-1366=\"20px 70px\" data-769-1024=\"20px 50px\" data-681-768=\"20px 0px\" data-680=\"20px 0px\">\n\t<div class=\"edgtf-eh-item-inner\">\n\t\t<div class=\"edgtf-eh-item-content edgtf-eh-custom-2648\" style=\"padding: 20px 150px\">\n\t\t\t[vc_column_text css=&#8221;.vc_custom_1629294389146{padding-right: 10% !important;padding-left: 10% !important;}&#8221;]<span style=\"font-family: IBM Plex Serif; font-style: italic;\"><span style=\"font-weight: 200;\"><span style=\"color: #se1500;\"><span style=\"font-size: calc(0.8em + 0.9vw); line-height: 110%;\"><span style=\"line-height: 110%;\"><span style=\"color: #ffffff;\">Dar vida e inspirar a nuestros clientes con nuestro trabajo que hace la diferencia y atraer la atenci\u00f3n del p\u00fablico objetivo. La animaci\u00f3n creativa se puede utilizar para presentaciones corporativas, educativos, como tambien para spots comerciales.<\/span><\/span><\/span><\/span><\/span><\/span>[\/vc_column_text]\t\t<\/div>\n\t<\/div>\n<\/div><\/div>[\/vc_column][\/vc_row][vc_row css=&#8221;.vc_custom_1627425364314{background-color: #f10c1b !important;}&#8221;][vc_column]<div class=\"edgtf-elements-holder   edgtf-one-column  edgtf-responsive-mode-768 \" ><div class=\"edgtf-eh-item     \" style=\"background-color: #ffffff\" data-item-class=\"edgtf-eh-custom-3271\">\n\t<div class=\"edgtf-eh-item-inner\">\n\t\t<div class=\"edgtf-eh-item-content edgtf-eh-custom-3271\" >\n\t\t\t[mdp_wpb_lottier properties_animation_speed=&#8221;1&#8243; animation_url=&#8221;url:https%3A%2F%2Fassets10.lottiefiles.com%2Fprivate_files%2Flf30_euukdnvf.json|||&#8221;]\t\t<\/div>\n\t<\/div>\n<\/div><div class=\"edgtf-eh-item     \"  data-item-class=\"edgtf-eh-custom-4447\">\n\t<div class=\"edgtf-eh-item-inner\">\n\t\t<div class=\"edgtf-eh-item-content edgtf-eh-custom-4447\" >\n\t\t\t[mdp_wpb_lottier properties_animation_speed=&#8221;1&#8243; animation_url=&#8221;url:https%3A%2F%2Fassets10.lottiefiles.com%2Fprivate_files%2Flf30_jaf7c1im.json|||&#8221;]\t\t<\/div>\n\t<\/div>\n<\/div><\/div>[\/vc_column][\/vc_row][vc_row css=&#8221;.vc_custom_1629293881558{padding-top: 5% !important;padding-bottom: 5% !important;}&#8221;][vc_column][vc_column_text]<\/p>\n<p style=\"text-align: center;\"><span style=\"font-family: Oswald, sans-serif; color: #ffffff;\"><span style=\"font-weight: 600;\"><span style=\"font-size: calc(1.1em + 1.8vw); line-height: 70%;\"><span style=\"line-height: 50%;\">SIGUE DESCUBRIENDO Y CONOCIENDO<\/span><\/span><\/span><\/span><br \/>\n<span style=\"font-family: Oswald, sans-serif;\"><span style=\"font-weight: 600;\"><span style=\"color: #se1500;\"><span style=\"font-size: calc(1.1em + 1.8vw); line-height: 70%;\"><span style=\"line-height: 50%;\"><span style=\"color: #191970;\"><a href=\"http:\/\/localhost\/wordpress\/\"><span style=\"font-family: 'IBM Plex Serif'; font-style: italic; color: #ff4500;\"><span style=\"font-weight: 200;\"><span style=\"font-size: calc(1.1em + 1.8vw); line-height: 70%;\"><strong>Nuestros productos.<\/strong><\/span><\/span><\/span><\/a><\/span><\/span><\/span><\/span><\/span><\/span><\/p>\n<p>[\/vc_column_text][\/vc_column][\/vc_row]<\/p>\n","protected":false},"excerpt":{"rendered":"<p>[vc_row css=&#8221;.vc_custom_1625867500825{background-image: url(https:\/\/somospinka.com\/wp60wp-content\/uploads\/2021\/07\/INTRO_MOTION-01-min.png?id=4100) !important;}&#8221;][vc_column][\/vc_column][\/vc_row][vc_row simple_background_color=&#8221;#fffdfc&#8221; parallax_background_image=&#8221;3154&#8243; parallax_bg_speed=&#8221;3&#8243; css=&#8221;.vc_custom_1627425309147{padding-right: 70px !important;padding-bottom: 10px !important;padding-left: 70px !important;}&#8221;][vc_column][vc_empty_space height=&#8221;7.5em&#8221;][vc_column_text] Dar vida y movimiento entre keyframes y loops. [\/vc_column_text][vc_empty_space height=&#8221;7.5em&#8221;][\/vc_column][\/vc_row][vc_row disable_background_image=&#8221;&#8221; content_text_aligment=&#8221;right&#8221; css=&#8221;.vc_custom_1626221195516{background-position: 0 0 !important;background-repeat: no-repeat !important;}&#8221; simple_background_image=&#8221;4134&#8243;][vc_column css=&#8221;.vc_custom_1629294571046{padding-top: 24px !important;padding-bottom: 24px !important;background-image: url(https:\/\/somospinka.com\/wp60\/wp-content\/uploads\/2021\/07\/MOTION_PART_1-02-02-min.png?id=4169) [&hellip;]<\/p>\n","protected":false},"author":1,"featured_media":0,"parent":0,"menu_order":0,"comment_status":"closed","ping_status":"closed","template":"full-width.php","meta":[],"_links":{"self":[{"href":"https:\/\/somospinka.com\/index.php?rest_route=\/wp\/v2\/pages\/3085"}],"collection":[{"href":"https:\/\/somospinka.com\/index.php?rest_route=\/wp\/v2\/pages"}],"about":[{"href":"https:\/\/somospinka.com\/index.php?rest_route=\/wp\/v2\/types\/page"}],"author":[{"embeddable":true,"href":"https:\/\/somospinka.com\/index.php?rest_route=\/wp\/v2\/users\/1"}],"replies":[{"embeddable":true,"href":"https:\/\/somospinka.com\/index.php?rest_route=%2Fwp%2Fv2%2Fcomments&post=3085"}],"version-history":[{"count":131,"href":"https:\/\/somospinka.com\/index.php?rest_route=\/wp\/v2\/pages\/3085\/revisions"}],"predecessor-version":[{"id":4298,"href":"https:\/\/somospinka.com\/index.php?rest_route=\/wp\/v2\/pages\/3085\/revisions\/4298"}],"wp:attachment":[{"href":"https:\/\/somospinka.com\/index.php?rest_route=%2Fwp%2Fv2%2Fmedia&parent=3085"}],"curies":[{"name":"wp","href":"https:\/\/api.w.org\/{rel}","templated":true}]}}